{"id":61,"date":"2026-02-13T17:04:48","date_gmt":"2026-02-13T17:04:48","guid":{"rendered":"https:\/\/emiroglual.com\/profil\/?post_type=product&#038;p=61"},"modified":"2026-02-13T17:48:48","modified_gmt":"2026-02-13T17:48:48","slug":"facade-profiles","status":"publish","type":"product","link":"https:\/\/emiroglual.com\/profil\/urun\/facade-profiles\/","title":{"rendered":"Cephe Profilleri"},"content":{"rendered":"<p><strong>Al\u00fcminyum cephe profilleri<\/strong>, in\u015faat ve dekorasyon alan\u0131nda kullan\u0131lan dayan\u0131kl\u0131 profil sistemleridir. Kullan\u0131m alan\u0131 olduk\u00e7a geni\u015ftir. Al\u00fcminyum d\u0131\u015f cephe profilleri, duvar ve tavan kaplama i\u015flemlerinde de kullan\u0131l\u0131r.<\/p>\n<ul>\n<li>Al\u00fcminyum profiller tasar\u0131m esnekli\u011fi sunar.<\/li>\n<li>Olduk\u00e7a hafiftir, bu nedenle uygulama a\u015famas\u0131 kolayd\u0131r.<\/li>\n<li>CNC makinelerinde i\u015flenerek \u00fcretilir ve m\u00fckemmel bir y\u00fczey kaplamas\u0131na sahiptir.<\/li>\n<li>Toptan al\u00fcminyum profil sipari\u015flerinden ve avantajl\u0131 fiyat f\u0131rsatlar\u0131ndan yararlanmak i\u00e7in bizi aray\u0131n.<\/li>\n<\/ul>\n<p>Ayr\u0131ca, al\u00fcminyumun harika bir g\u00f6r\u00fcn\u00fcm\u00fc vard\u0131r. Eloksall\u0131 al\u00fcminyum cephe, farkl\u0131 renk se\u00e7enekleriyle harika bir g\u00f6r\u00fcn\u00fcm sunar.<\/p>\n<p>Al\u00fcminyum cephe sistemlerinin bir\u00e7ok avantaj\u0131 vard\u0131r. \u00d6ncelikle, al\u00fcminyum \u00e7ok hafif ama dayan\u0131kl\u0131 bir malzemedir. Bu sayede, binan\u0131z\u0131n dayan\u0131kl\u0131l\u0131\u011f\u0131n\u0131 sa\u011flarken ayn\u0131 zamanda toplam y\u00fck\u00fcn\u00fc de azaltm\u0131\u015f olursunuz. Ayr\u0131ca, hava ko\u015fullar\u0131na ve paslanmaya kar\u015f\u0131 \u00e7ok dayan\u0131kl\u0131d\u0131r. \u00d6te yandan, al\u00fcminyum \u00e7ok esnektir ve bu da binan\u0131n b\u00fct\u00fcnl\u00fc\u011f\u00fcne yard\u0131mc\u0131 olur. Di\u011fer planlar gibi, al\u00fcminyum da bir\u00e7ok farkl\u0131 kullan\u0131c\u0131 i\u00e7in harika bir malzemedir. B\u00f6ylece, uzmanlardan cephe profillerini se\u00e7ebilirsiniz.<\/p>\n","protected":false},"excerpt":{"rendered":"<div><strong>Al\u00fcminyum cephe profilleri<\/strong><\/div>\n<div>Al\u00fcminyum cephe sistemleri, \u00e7o\u011fu modern binan\u0131n d\u0131\u015f cephesinde kullan\u0131lmaktad\u0131r. Al\u00fcminyum, y\u00fcksek d\u00fczeyde dayan\u0131kl\u0131l\u0131\u011f\u0131 ve modern g\u00f6r\u00fcn\u00fcm\u00fc nedeniyle binalarda yap\u0131sal bir unsur olarak \u00f6ne \u00e7\u0131kan harika bir metaldir. Al\u00fcminyum cephe tasar\u0131m\u0131 farkl\u0131 ama\u00e7lar i\u00e7in kullan\u0131l\u0131r;<\/div>\n<ul>\n<li>\u0131s\u0131 yal\u0131t\u0131m\u0131 ve kontrol\u00fc,<\/li>\n<li>g\u00fcne\u015f \u0131\u015f\u0131\u011f\u0131 kontrol\u00fc,<\/li>\n<li>havaland\u0131rma sistemi<\/li>\n<\/ul>\n","protected":false},"featured_media":78,"comment_status":"closed","ping_status":"closed","template":"","meta":[],"product_brand":[],"product_cat":[18],"product_tag":[],"class_list":{"0":"post-61","1":"product","2":"type-product","3":"status-publish","4":"has-post-thumbnail","6":"product_cat-profiller","8":"first","9":"instock","10":"shipping-taxable","11":"product-type-simple"},"_links":{"self":[{"href":"https:\/\/emiroglual.com\/profil\/wp-json\/wp\/v2\/product\/61","targetHints":{"allow":["GET"]}}],"collection":[{"href":"https:\/\/emiroglual.com\/profil\/wp-json\/wp\/v2\/product"}],"about":[{"href":"https:\/\/emiroglual.com\/profil\/wp-json\/wp\/v2\/types\/product"}],"replies":[{"embeddable":true,"href":"https:\/\/emiroglual.com\/profil\/wp-json\/wp\/v2\/comments?post=61"}],"wp:featuredmedia":[{"embeddable":true,"href":"https:\/\/emiroglual.com\/profil\/wp-json\/wp\/v2\/media\/78"}],"wp:attachment":[{"href":"https:\/\/emiroglual.com\/profil\/wp-json\/wp\/v2\/media?parent=61"}],"wp:term":[{"taxonomy":"product_brand","embeddable":true,"href":"https:\/\/emiroglual.com\/profil\/wp-json\/wp\/v2\/product_brand?post=61"},{"taxonomy":"product_cat","embeddable":true,"href":"https:\/\/emiroglual.com\/profil\/wp-json\/wp\/v2\/product_cat?post=61"},{"taxonomy":"product_tag","embeddable":true,"href":"https:\/\/emiroglual.com\/profil\/wp-json\/wp\/v2\/product_tag?post=61"}],"curies":[{"name":"wp","href":"https:\/\/api.w.org\/{rel}","templated":true}]}}