{"id":46,"date":"2026-02-13T17:04:25","date_gmt":"2026-02-13T17:04:25","guid":{"rendered":"https:\/\/emiroglual.com\/profil\/?post_type=product&#038;p=46"},"modified":"2026-02-14T13:26:59","modified_gmt":"2026-02-14T13:26:59","slug":"sineklik-profilleri","status":"publish","type":"product","link":"https:\/\/emiroglual.com\/profil\/urun\/sineklik-profilleri\/","title":{"rendered":"Sineklik profilleri"},"content":{"rendered":"<div>Al\u00fcminyum sineklik profilleri, ekstr\u00fczyonlu al\u00fcminyum \u00e7er\u00e7eve profilleri aras\u0131ndad\u0131r.<\/div>\n<div>\n<p>Gri renkte \u00fcretilmektedir.<br \/>\nFarkl\u0131 boyut ve \u00f6zelliklerde \u00fcretilebilir.<br \/>\nSineklik profilleri 1 metre, 1,5 metre ve 2 metre uzunlu\u011funda olabilir. \u00dcr\u00fcn, istek \u00fczerine farkl\u0131 boyutlarda da \u00fcretilebilir.<br \/>\n\u00c7ok uzun \u00f6m\u00fcrl\u00fcd\u00fcr.<br \/>\nTek ve \u00e7ift kanatl\u0131 pencereler i\u00e7in uygundur.<br \/>\nAl\u00fcminyum kap\u0131 sineklik profillerinin montaj\u0131 kolayd\u0131r.<\/p>\n<h2><strong>B\u00f6cek Ekran\u0131n\u0131n \u00d6zellikleri<\/strong><\/h2>\n<ul>\n<li>Kap\u0131 ve pencere sineklikleri<\/li>\n<li>Y\u00fcksek kaliteli, uzun \u00f6m\u00fcrl\u00fc ve geri d\u00f6n\u00fc\u015ft\u00fcr\u00fclm\u00fc\u015f al\u00fcminyumdan \u00fcretilmi\u015ftir.<\/li>\n<li>Farkl\u0131 renklerde \u00fcretilebilir.<\/li>\n<\/ul>\n<p>&nbsp;<\/p>\n<h2><strong>Al\u00fcminyum kap\u0131 sineklik profili nedir?<\/strong><\/h2>\n<p><strong>Al\u00fcminyum kap\u0131 ve sineklik profili<\/strong>, sineklik \u00fcr\u00fcn\u00fcn\u00fcn monte edildi\u011fi bir \u00e7er\u00e7eve profilidir. Bu profiller sayesinde, sineklikler cama veya kap\u0131ya \u00e7ok kolay bir \u015fekilde monte edilebilir ve uzun s\u00fcre kullan\u0131labilir. Al\u00fcminyum kap\u0131 sineklik profili sat\u0131n almak istiyorsan\u0131z, tek yapman\u0131z gereken bizimle ileti\u015fime ge\u00e7mek.<br \/>\n<strong>\u00d6zel \u00fcretim<\/strong> da farkl\u0131 boyutlarda \u00fcretilebildi\u011finden mevcuttur.<br \/>\n<strong>Estetik ve do\u011fal<\/strong> bir g\u00f6r\u00fcn\u00fcme sahiptir. Zamanla solmaz ve k\u00f6t\u00fc hava ko\u015fullar\u0131na dayan\u0131kl\u0131d\u0131r.<\/p>\n<\/div>\n<div>B\u00f6cek ekranlar\u0131 <strong>iki par\u00e7adan olu\u015fur: profil ve a\u011f<\/strong>. Al\u00fcminyum, kendine \u00f6zg\u00fc \u00f6zellikleri nedeniyle her ikisi i\u00e7in de kullan\u0131labilir. Al\u00fcminyum \u00e7ok hafif bir malzeme oldu\u011fu i\u00e7in pencere ve kap\u0131larda kullan\u0131lmas\u0131 \u00e7ok avantajl\u0131d\u0131r.<\/div>\n<div><\/div>\n<div>\u00d6te yandan, b\u00f6cek ekranlar\u0131 her t\u00fcrl\u00fc \u015fiddetli hava ko\u015fullar\u0131na maruz kal\u0131r. Al\u00fcminyum bu ko\u015fullara kar\u015f\u0131 \u00e7ok dayan\u0131kl\u0131 oldu\u011fu i\u00e7in ekranlar i\u00e7in en ideal malzemedir. \u00c7ok dayan\u0131kl\u0131 ve hafif oldu\u011fu i\u00e7in ah\u015fap veya PVC pencere \u00e7er\u00e7eveleri \u00fczerinde daha az y\u00fck olu\u015fur. Ayr\u0131ca, \u00e7er\u00e7eve ile birlikte al\u00fcminyum b\u00f6cek ekran\u0131 a\u011f\u0131n\u0131 kullan\u0131rsan\u0131z, b\u00f6cek ekran\u0131 profili i\u00e7in en iyi kombinasyona sahip olursunuz.<\/div>\n<div><\/div>\n<h3><strong>Al\u00fcminyum B\u00f6cek Ekran\u0131 Profil Fiyatlar\u0131<\/strong><\/h3>\n<div>Al\u00fcminyum sineklik profil fiyatlar\u0131, profil boyutuna ve teknik \u00f6zelliklerine g\u00f6re de\u011fi\u015fiklik g\u00f6sterir. Fiyat\u0131 \u00f6\u011frenmek i\u00e7in tek yapman\u0131z gereken bizimle ileti\u015fime ge\u00e7mek.<\/div>\n","protected":false},"excerpt":{"rendered":"<p><strong>Al\u00fcminyum B\u00f6cek Ekran\u0131 Profilleri<\/strong><\/p>\n<div>B\u00f6cek perdeleri restoranlarda, otellerde, kamu ve topluluk binalar\u0131nda ve tabii ki konutlarda yayg\u0131n olarak kullan\u0131lmaktad\u0131r. Bunlar\u0131n kullan\u0131lmas\u0131n\u0131n temel amac\u0131 b\u00f6cekleri uzak tutmakt\u0131r. \u00c7er\u00e7eve i\u00e7in \u00e7e\u015fitli malzeme t\u00fcrleri mevcuttur, ancak en iyisi al\u00fcminyum b\u00f6cek perdesi profilleridir.<\/div>\n","protected":false},"featured_media":77,"comment_status":"closed","ping_status":"closed","template":"","meta":[],"product_brand":[],"product_cat":[18],"product_tag":[],"class_list":{"0":"post-46","1":"product","2":"type-product","3":"status-publish","4":"has-post-thumbnail","6":"product_cat-profiller","8":"first","9":"instock","10":"shipping-taxable","11":"product-type-simple"},"_links":{"self":[{"href":"https:\/\/emiroglual.com\/profil\/wp-json\/wp\/v2\/product\/46","targetHints":{"allow":["GET"]}}],"collection":[{"href":"https:\/\/emiroglual.com\/profil\/wp-json\/wp\/v2\/product"}],"about":[{"href":"https:\/\/emiroglual.com\/profil\/wp-json\/wp\/v2\/types\/product"}],"replies":[{"embeddable":true,"href":"https:\/\/emiroglual.com\/profil\/wp-json\/wp\/v2\/comments?post=46"}],"wp:featuredmedia":[{"embeddable":true,"href":"https:\/\/emiroglual.com\/profil\/wp-json\/wp\/v2\/media\/77"}],"wp:attachment":[{"href":"https:\/\/emiroglual.com\/profil\/wp-json\/wp\/v2\/media?parent=46"}],"wp:term":[{"taxonomy":"product_brand","embeddable":true,"href":"https:\/\/emiroglual.com\/profil\/wp-json\/wp\/v2\/product_brand?post=46"},{"taxonomy":"product_cat","embeddable":true,"href":"https:\/\/emiroglual.com\/profil\/wp-json\/wp\/v2\/product_cat?post=46"},{"taxonomy":"product_tag","embeddable":true,"href":"https:\/\/emiroglual.com\/profil\/wp-json\/wp\/v2\/product_tag?post=46"}],"curies":[{"name":"wp","href":"https:\/\/api.w.org\/{rel}","templated":true}]}}