{"id":45,"date":"2026-02-13T17:04:25","date_gmt":"2026-02-13T17:04:25","guid":{"rendered":"https:\/\/emiroglual.com\/profil\/?post_type=product&#038;p=45"},"modified":"2026-02-14T13:58:05","modified_gmt":"2026-02-14T13:58:05","slug":"aluminyum-mentese-profili","status":"publish","type":"product","link":"https:\/\/emiroglual.com\/profil\/urun\/aluminyum-mentese-profili\/","title":{"rendered":"Al\u00fcminyum Mente\u015fe Profili"},"content":{"rendered":"<p data-start=\"0\" data-end=\"186\"><strong data-start=\"0\" data-end=\"29\">Al\u00fcminyum Mente\u015fe Profili<\/strong>, kap\u0131, pencere, dolap ve end\u00fcstriyel sistemlerde hareketli ba\u011flant\u0131 noktalar\u0131n\u0131 olu\u015fturan, y\u00fcksek mukavemetli ve korozyona dayan\u0131kl\u0131 bir profil \u00e7\u00f6z\u00fcm\u00fcd\u00fcr.\u00a0Ekstr\u00fczyon y\u00f6ntemiyle \u00fcretilen bu profiller; hafif yap\u0131s\u0131na ra\u011fmen y\u00fcksek ta\u015f\u0131ma kapasitesi sunar. Paslanmaya kar\u015f\u0131 diren\u00e7lidir, uzun \u00f6m\u00fcrl\u00fcd\u00fcr ve d\u0131\u015f mek\u00e2n ko\u015fullar\u0131na uygundur.<\/p>\n","protected":false},"excerpt":{"rendered":"<p>Mimari uygulamalar, al\u00fcminyum do\u011frama sistemleri, panel kap\u0131lar ve \u00f6zel tasar\u0131m konstr\u00fcksiyonlarda g\u00fcvenli, estetik ve sorunsuz bir hareket mekanizmas\u0131 sa\u011flar.<\/p>\n","protected":false},"featured_media":76,"comment_status":"closed","ping_status":"closed","template":"","meta":[],"product_brand":[],"product_cat":[18],"product_tag":[],"class_list":{"0":"post-45","1":"product","2":"type-product","3":"status-publish","4":"has-post-thumbnail","6":"product_cat-profiller","8":"first","9":"instock","10":"shipping-taxable","11":"product-type-simple"},"_links":{"self":[{"href":"https:\/\/emiroglual.com\/profil\/wp-json\/wp\/v2\/product\/45","targetHints":{"allow":["GET"]}}],"collection":[{"href":"https:\/\/emiroglual.com\/profil\/wp-json\/wp\/v2\/product"}],"about":[{"href":"https:\/\/emiroglual.com\/profil\/wp-json\/wp\/v2\/types\/product"}],"replies":[{"embeddable":true,"href":"https:\/\/emiroglual.com\/profil\/wp-json\/wp\/v2\/comments?post=45"}],"wp:featuredmedia":[{"embeddable":true,"href":"https:\/\/emiroglual.com\/profil\/wp-json\/wp\/v2\/media\/76"}],"wp:attachment":[{"href":"https:\/\/emiroglual.com\/profil\/wp-json\/wp\/v2\/media?parent=45"}],"wp:term":[{"taxonomy":"product_brand","embeddable":true,"href":"https:\/\/emiroglual.com\/profil\/wp-json\/wp\/v2\/product_brand?post=45"},{"taxonomy":"product_cat","embeddable":true,"href":"https:\/\/emiroglual.com\/profil\/wp-json\/wp\/v2\/product_cat?post=45"},{"taxonomy":"product_tag","embeddable":true,"href":"https:\/\/emiroglual.com\/profil\/wp-json\/wp\/v2\/product_tag?post=45"}],"curies":[{"name":"wp","href":"https:\/\/api.w.org\/{rel}","templated":true}]}}