{"id":44,"date":"2026-02-13T17:04:25","date_gmt":"2026-02-13T17:04:25","guid":{"rendered":"https:\/\/emiroglual.com\/profil\/?post_type=product&#038;p=44"},"modified":"2026-02-14T13:25:29","modified_gmt":"2026-02-14T13:25:29","slug":"dus-kabini-profilleri","status":"publish","type":"product","link":"https:\/\/emiroglual.com\/profil\/urun\/dus-kabini-profilleri\/","title":{"rendered":"Du\u015f Kabini Profilleri"},"content":{"rendered":"<div><strong>Du\u015f Kabini Profilleri. <\/strong>Al\u00fcminyum profiller farkl\u0131 boyutlarda ve istenilen tarzlarda \u00fcretilebilir. Bor Al\u00fcminyum olarak, en son teknolojiyi kullanarak \u00fcretti\u011fimiz al\u00fcminyum profiller \u00e7ok sa\u011flam, dayan\u0131kl\u0131 ve uzun \u00f6m\u00fcrl\u00fcd\u00fcr.<\/div>\n<div><\/div>\n","protected":false},"excerpt":{"rendered":"<p><strong>Al\u00fcminyum Du\u015f Kabini Profilleri<\/strong><\/p>\n<div>Giderek daha fazla insan b\u00fcy\u00fck \u015fehirlerde ya\u015famay\u0131 tercih ettik\u00e7e, konutlar ve banyolar daha k\u00fc\u00e7\u00fck ama daha pratik hale geldi. Banyoda s\u0131n\u0131rl\u0131 alan\u0131 kullanman\u0131n en etkili yollar\u0131ndan biri du\u015f kabinleridir. Du\u015f kabinleri i\u00e7in en verimli malzemelerden biri ise al\u00fcminyumdur.<\/div>\n","protected":false},"featured_media":75,"comment_status":"closed","ping_status":"closed","template":"","meta":[],"product_brand":[],"product_cat":[18],"product_tag":[],"class_list":{"0":"post-44","1":"product","2":"type-product","3":"status-publish","4":"has-post-thumbnail","6":"product_cat-profiller","8":"first","9":"instock","10":"shipping-taxable","11":"product-type-simple"},"_links":{"self":[{"href":"https:\/\/emiroglual.com\/profil\/wp-json\/wp\/v2\/product\/44","targetHints":{"allow":["GET"]}}],"collection":[{"href":"https:\/\/emiroglual.com\/profil\/wp-json\/wp\/v2\/product"}],"about":[{"href":"https:\/\/emiroglual.com\/profil\/wp-json\/wp\/v2\/types\/product"}],"replies":[{"embeddable":true,"href":"https:\/\/emiroglual.com\/profil\/wp-json\/wp\/v2\/comments?post=44"}],"wp:featuredmedia":[{"embeddable":true,"href":"https:\/\/emiroglual.com\/profil\/wp-json\/wp\/v2\/media\/75"}],"wp:attachment":[{"href":"https:\/\/emiroglual.com\/profil\/wp-json\/wp\/v2\/media?parent=44"}],"wp:term":[{"taxonomy":"product_brand","embeddable":true,"href":"https:\/\/emiroglual.com\/profil\/wp-json\/wp\/v2\/product_brand?post=44"},{"taxonomy":"product_cat","embeddable":true,"href":"https:\/\/emiroglual.com\/profil\/wp-json\/wp\/v2\/product_cat?post=44"},{"taxonomy":"product_tag","embeddable":true,"href":"https:\/\/emiroglual.com\/profil\/wp-json\/wp\/v2\/product_tag?post=44"}],"curies":[{"name":"wp","href":"https:\/\/api.w.org\/{rel}","templated":true}]}}