{"id":43,"date":"2026-02-13T17:04:25","date_gmt":"2026-02-13T17:04:25","guid":{"rendered":"https:\/\/emiroglual.com\/profil\/?post_type=product&#038;p=43"},"modified":"2026-02-13T17:48:29","modified_gmt":"2026-02-13T17:48:29","slug":"pencere-pervazlari-profili","status":"publish","type":"product","link":"https:\/\/emiroglual.com\/profil\/urun\/pencere-pervazlari-profili\/","title":{"rendered":"Pencere Pervazlar\u0131 Profili"},"content":{"rendered":"<div><strong>Al\u00fcminyum Pencere Pervazlar\u0131 Profilleri\u00a0<\/strong><\/div>\n<div><\/div>\n<div>Bir <strong>al\u00fcminyum profil \u00fcreticisi<\/strong> olarak, al\u00fcminyum pencere pervazlar\u0131 da \u00fcretebiliyoruz. G\u00fcn\u00fcm\u00fczde al\u00fcminyum do\u011framalar\u0131n ne kadar yayg\u0131n oldu\u011funu herkes bilir. Yeni olu\u015fturulan t\u00fcm yap\u0131 sistemlerinde ve mekan dekorasyonlar\u0131nda kullan\u0131lan al\u00fcminyum do\u011framalar, g\u00fcn\u00fcm\u00fcz modas\u0131yla daha da pop\u00fcler hale gelmi\u015ftir. Modern bir \u00e7izgi yaratmas\u0131n\u0131n yan\u0131 s\u0131ra kullan\u0131\u015fl\u0131 \u00fcr\u00fcnler olmas\u0131yla da dikkat \u00e7eken do\u011framalar, g\u00fcn\u00fcm\u00fczde bir\u00e7ok ki\u015fi ve \u015firket taraf\u0131ndan kullan\u0131lmaktad\u0131r. Bu anlamda, firmam\u0131zda herkesin zevkine hitap edebilecek farkl\u0131 al\u00fcminyum do\u011frama modelleri yap\u0131labilmektedir.<\/div>\n","protected":false},"excerpt":{"rendered":"<div>Pencere pervazlar\u0131 (veya pencere e\u015fi\u011fi olarak da yaz\u0131l\u0131r), pencerenin d\u0131\u015f k\u0131sm\u0131n\u0131n alt k\u0131sm\u0131na yatay olarak yerle\u015ftirilen yap\u0131sal bir in\u015faat malzemesidir. Pencere pervazlar\u0131n\u0131n en \u00f6nemli amac\u0131, pencerenin yerinde durmas\u0131n\u0131 sa\u011flamakt\u0131r. Ayr\u0131ca, ya\u011fmur suyunu pencereden ve duvardan uzakla\u015ft\u0131rmada \u00e7ok etkilidirler. Son olarak, estetik bir ama\u00e7 da vard\u0131r.<\/div>\n","protected":false},"featured_media":74,"comment_status":"closed","ping_status":"closed","template":"","meta":[],"product_brand":[],"product_cat":[18],"product_tag":[],"class_list":{"0":"post-43","1":"product","2":"type-product","3":"status-publish","4":"has-post-thumbnail","6":"product_cat-profiller","8":"first","9":"instock","10":"shipping-taxable","11":"product-type-simple"},"_links":{"self":[{"href":"https:\/\/emiroglual.com\/profil\/wp-json\/wp\/v2\/product\/43","targetHints":{"allow":["GET"]}}],"collection":[{"href":"https:\/\/emiroglual.com\/profil\/wp-json\/wp\/v2\/product"}],"about":[{"href":"https:\/\/emiroglual.com\/profil\/wp-json\/wp\/v2\/types\/product"}],"replies":[{"embeddable":true,"href":"https:\/\/emiroglual.com\/profil\/wp-json\/wp\/v2\/comments?post=43"}],"wp:featuredmedia":[{"embeddable":true,"href":"https:\/\/emiroglual.com\/profil\/wp-json\/wp\/v2\/media\/74"}],"wp:attachment":[{"href":"https:\/\/emiroglual.com\/profil\/wp-json\/wp\/v2\/media?parent=43"}],"wp:term":[{"taxonomy":"product_brand","embeddable":true,"href":"https:\/\/emiroglual.com\/profil\/wp-json\/wp\/v2\/product_brand?post=43"},{"taxonomy":"product_cat","embeddable":true,"href":"https:\/\/emiroglual.com\/profil\/wp-json\/wp\/v2\/product_cat?post=43"},{"taxonomy":"product_tag","embeddable":true,"href":"https:\/\/emiroglual.com\/profil\/wp-json\/wp\/v2\/product_tag?post=43"}],"curies":[{"name":"wp","href":"https:\/\/api.w.org\/{rel}","templated":true}]}}