{"id":42,"date":"2026-02-13T17:04:25","date_gmt":"2026-02-13T17:04:25","guid":{"rendered":"https:\/\/emiroglual.com\/profil\/?post_type=product&#038;p=42"},"modified":"2026-02-14T13:23:41","modified_gmt":"2026-02-14T13:23:41","slug":"cesitli-profiller","status":"publish","type":"product","link":"https:\/\/emiroglual.com\/profil\/urun\/cesitli-profiller\/","title":{"rendered":"\u00c7e\u015fitli Profiller"},"content":{"rendered":"<p>\u00c7e\u015fitli Profiller. Asl\u0131nda, belirli bir kullan\u0131m alan\u0131 yoktur. Ancak, kullan\u0131laca\u011f\u0131 yere uygun hale getirmek i\u00e7in kesilebilirler. Di\u011fer al\u00fcminyum profil t\u00fcrleri gibi kolayca delinebilirler veya kesilebilirler. \u00d6te yandan, iki farkl\u0131 malzeme aras\u0131ndaki birle\u015fim yerini kapatmak i\u00e7in bir kaplama plakas\u0131 kullanmak m\u00fcmk\u00fcnd\u00fcr.<\/p>\n","protected":false},"excerpt":{"rendered":"<p><strong>\u00c7e\u015fitli Profiller<\/strong><\/p>\n<div>Bu tip al\u00fcminyum ekstr\u00fczyon profilleri, yayg\u0131n ve bilinen al\u00fcminyum profil tiplerinden farkl\u0131d\u0131r. Genel olarak tercih edilen al\u00fcminyum profil \u015fekillerinden farkl\u0131d\u0131rlar. \u00d6zel tasar\u0131m ve ihtiya\u00e7lara g\u00f6re, farkl\u0131 a\u00e7\u0131 aral\u0131klar\u0131, kanallar, \u00e7ubuklar, levhalar ve di\u011fer t\u00fcrlerde al\u00fcminyum ekstr\u00fczyonlar \u00fcretmekteyiz.<\/div>\n","protected":false},"featured_media":73,"comment_status":"closed","ping_status":"closed","template":"","meta":[],"product_brand":[],"product_cat":[18],"product_tag":[],"class_list":{"0":"post-42","1":"product","2":"type-product","3":"status-publish","4":"has-post-thumbnail","6":"product_cat-profiller","8":"first","9":"instock","10":"shipping-taxable","11":"product-type-simple"},"_links":{"self":[{"href":"https:\/\/emiroglual.com\/profil\/wp-json\/wp\/v2\/product\/42","targetHints":{"allow":["GET"]}}],"collection":[{"href":"https:\/\/emiroglual.com\/profil\/wp-json\/wp\/v2\/product"}],"about":[{"href":"https:\/\/emiroglual.com\/profil\/wp-json\/wp\/v2\/types\/product"}],"replies":[{"embeddable":true,"href":"https:\/\/emiroglual.com\/profil\/wp-json\/wp\/v2\/comments?post=42"}],"wp:featuredmedia":[{"embeddable":true,"href":"https:\/\/emiroglual.com\/profil\/wp-json\/wp\/v2\/media\/73"}],"wp:attachment":[{"href":"https:\/\/emiroglual.com\/profil\/wp-json\/wp\/v2\/media?parent=42"}],"wp:term":[{"taxonomy":"product_brand","embeddable":true,"href":"https:\/\/emiroglual.com\/profil\/wp-json\/wp\/v2\/product_brand?post=42"},{"taxonomy":"product_cat","embeddable":true,"href":"https:\/\/emiroglual.com\/profil\/wp-json\/wp\/v2\/product_cat?post=42"},{"taxonomy":"product_tag","embeddable":true,"href":"https:\/\/emiroglual.com\/profil\/wp-json\/wp\/v2\/product_tag?post=42"}],"curies":[{"name":"wp","href":"https:\/\/api.w.org\/{rel}","templated":true}]}}