{"id":41,"date":"2026-02-13T17:04:25","date_gmt":"2026-02-13T17:04:25","guid":{"rendered":"https:\/\/emiroglual.com\/profil\/?post_type=product&#038;p=41"},"modified":"2026-02-14T13:25:50","modified_gmt":"2026-02-14T13:25:50","slug":"aski-raf-led-ve-mf-tutamak-profilleri","status":"publish","type":"product","link":"https:\/\/emiroglual.com\/profil\/urun\/aski-raf-led-ve-mf-tutamak-profilleri\/","title":{"rendered":"Ask\u0131, raf, Led ve Mf tutamak profilleri"},"content":{"rendered":"<div>Ask\u0131, raf, Led ve Mf tutamak profilleri. Bu profil kategorisini raflar, led ayd\u0131nlatma ve tutamak profilleri i\u00e7in de kullanabilirsiniz. Al\u00fcminyum tutamak profilleri dolap veya \u015fifonyer kapaklar\u0131nda kullan\u0131l\u0131r. \u00c7ekmeceler i\u00e7in de kullan\u0131labilirler. Tutamak profilleri U, Z, C, G veya di\u011fer al\u00fcminyum profil tipleri olabilir.<\/div>\n","protected":false},"excerpt":{"rendered":"<p><strong>Ask\u0131, Raf, Led ve Mf Tutamak Profilleri<\/strong><\/p>\n<div>Ad\u0131ndan da anla\u015f\u0131laca\u011f\u0131 gibi, bu profil t\u00fcrleri \u00e7ok \u00e7e\u015fitli kullan\u0131m alanlar\u0131na sahiptir. \u0130lki al\u00fcminyum ask\u0131 profilidir. \u00c7ama\u015f\u0131r veya giysi asmak i\u00e7in kullan\u0131l\u0131rlar. Evlerimizde kulland\u0131\u011f\u0131m\u0131z balkonlarda veya portatif kurutucularda kulland\u0131klar\u0131m\u0131z, genellikle yuvarlak borular veya buna benzer profiller olan al\u00fcminyum ask\u0131 profillerinden yap\u0131lm\u0131\u015ft\u0131r.<\/div>\n","protected":false},"featured_media":72,"comment_status":"closed","ping_status":"closed","template":"","meta":[],"product_brand":[],"product_cat":[18],"product_tag":[],"class_list":{"0":"post-41","1":"product","2":"type-product","3":"status-publish","4":"has-post-thumbnail","6":"product_cat-profiller","8":"first","9":"instock","10":"shipping-taxable","11":"product-type-simple"},"_links":{"self":[{"href":"https:\/\/emiroglual.com\/profil\/wp-json\/wp\/v2\/product\/41","targetHints":{"allow":["GET"]}}],"collection":[{"href":"https:\/\/emiroglual.com\/profil\/wp-json\/wp\/v2\/product"}],"about":[{"href":"https:\/\/emiroglual.com\/profil\/wp-json\/wp\/v2\/types\/product"}],"replies":[{"embeddable":true,"href":"https:\/\/emiroglual.com\/profil\/wp-json\/wp\/v2\/comments?post=41"}],"wp:featuredmedia":[{"embeddable":true,"href":"https:\/\/emiroglual.com\/profil\/wp-json\/wp\/v2\/media\/72"}],"wp:attachment":[{"href":"https:\/\/emiroglual.com\/profil\/wp-json\/wp\/v2\/media?parent=41"}],"wp:term":[{"taxonomy":"product_brand","embeddable":true,"href":"https:\/\/emiroglual.com\/profil\/wp-json\/wp\/v2\/product_brand?post=41"},{"taxonomy":"product_cat","embeddable":true,"href":"https:\/\/emiroglual.com\/profil\/wp-json\/wp\/v2\/product_cat?post=41"},{"taxonomy":"product_tag","embeddable":true,"href":"https:\/\/emiroglual.com\/profil\/wp-json\/wp\/v2\/product_tag?post=41"}],"curies":[{"name":"wp","href":"https:\/\/api.w.org\/{rel}","templated":true}]}}