{"id":38,"date":"2026-02-13T17:04:25","date_gmt":"2026-02-13T17:04:25","guid":{"rendered":"https:\/\/emiroglual.com\/profil\/?post_type=product&#038;p=38"},"modified":"2026-02-13T17:49:07","modified_gmt":"2026-02-13T17:49:07","slug":"cerceve-kapak-profili","status":"publish","type":"product","link":"https:\/\/emiroglual.com\/profil\/urun\/cerceve-kapak-profili\/","title":{"rendered":"\u00c7er\u00e7eve Kapak Profili"},"content":{"rendered":"<div>\u00c7er\u00e7eve Kapak Profili, Al\u00fcminyum reklam profilleri gibi, \u00e7er\u00e7eveyi kolayca a\u00e7\u0131p kapatmak i\u00e7in klipslere sahiptir. Ayr\u0131ca, al\u00fcminyum estetik bir malzeme oldu\u011fu i\u00e7in, resimlerimizi veya di\u011fer \u00f6nemli belgelerimizi daha \u015f\u0131k g\u00f6sterir.<\/div>\n<div><\/div>\n<div>Genellikle, al\u00fcminyum \u00e7er\u00e7eveler i\u00e7in \u00f6zel L \u015fekilli profiller tercih edilir. Ancak, ba\u015fka t\u00fcr ve renklerdeki al\u00fcminyumlar\u0131 da tercih edebilirsiniz. Bu metalin dayan\u0131kl\u0131l\u0131\u011f\u0131 nedeniyle, al\u00fcminyum \u00e7er\u00e7eve kaplama profilleri \u00e7ok yayg\u0131n olarak kullan\u0131lmaktad\u0131r.<\/div>\n","protected":false},"excerpt":{"rendered":"<p><strong>Al\u00fcminyum \u00c7er\u00e7eve Kapak Profili<\/strong><\/p>\n<div>Al\u00fcminyum hayat\u0131m\u0131z\u0131 \u00e7ok kolayla\u015ft\u0131rm\u0131\u015ft\u0131r. \u00c7ok faydal\u0131, etkili, dayan\u0131kl\u0131 ve estetik bir metal oldu\u011fu i\u00e7in hayat\u0131m\u0131z\u0131n neredeyse her alan\u0131nda kullan\u0131lmaktad\u0131r. Al\u00fcminyum profil kullan\u0131m alanlar\u0131ndan biri de \u00e7er\u00e7eve kaplamalar\u0131d\u0131r. Al\u00fcminyum \u00e7er\u00e7eve kaplama profilleri, sevdi\u011fimiz foto\u011fraflar\u0131 canl\u0131 tutmada \u00e7ok ba\u015far\u0131l\u0131d\u0131r.<\/div>\n","protected":false},"featured_media":69,"comment_status":"closed","ping_status":"closed","template":"","meta":[],"product_brand":[],"product_cat":[18],"product_tag":[],"class_list":{"0":"post-38","1":"product","2":"type-product","3":"status-publish","4":"has-post-thumbnail","6":"product_cat-profiller","8":"first","9":"instock","10":"shipping-taxable","11":"product-type-simple"},"_links":{"self":[{"href":"https:\/\/emiroglual.com\/profil\/wp-json\/wp\/v2\/product\/38","targetHints":{"allow":["GET"]}}],"collection":[{"href":"https:\/\/emiroglual.com\/profil\/wp-json\/wp\/v2\/product"}],"about":[{"href":"https:\/\/emiroglual.com\/profil\/wp-json\/wp\/v2\/types\/product"}],"replies":[{"embeddable":true,"href":"https:\/\/emiroglual.com\/profil\/wp-json\/wp\/v2\/comments?post=38"}],"wp:featuredmedia":[{"embeddable":true,"href":"https:\/\/emiroglual.com\/profil\/wp-json\/wp\/v2\/media\/69"}],"wp:attachment":[{"href":"https:\/\/emiroglual.com\/profil\/wp-json\/wp\/v2\/media?parent=38"}],"wp:term":[{"taxonomy":"product_brand","embeddable":true,"href":"https:\/\/emiroglual.com\/profil\/wp-json\/wp\/v2\/product_brand?post=38"},{"taxonomy":"product_cat","embeddable":true,"href":"https:\/\/emiroglual.com\/profil\/wp-json\/wp\/v2\/product_cat?post=38"},{"taxonomy":"product_tag","embeddable":true,"href":"https:\/\/emiroglual.com\/profil\/wp-json\/wp\/v2\/product_tag?post=38"}],"curies":[{"name":"wp","href":"https:\/\/api.w.org\/{rel}","templated":true}]}}