{"id":37,"date":"2026-02-13T17:04:25","date_gmt":"2026-02-13T17:04:25","guid":{"rendered":"https:\/\/emiroglual.com\/profil\/?post_type=product&#038;p=37"},"modified":"2026-02-14T13:25:05","modified_gmt":"2026-02-14T13:25:05","slug":"mutfak-taban-profili","status":"publish","type":"product","link":"https:\/\/emiroglual.com\/profil\/urun\/mutfak-taban-profili\/","title":{"rendered":"Mutfak Taban Profili"},"content":{"rendered":"<div>Mutfak Taban Profili. Bu profilin as\u0131l amac\u0131, mutfak i\u00e7inde g\u00fczel bir manzara sa\u011flamakt\u0131r.<\/div>\n<div><\/div>\n<div>Dolaplar\u0131n alt k\u0131s\u0131mlar\u0131 kolayca kirlenebilir. \u00c7\u00fcnk\u00fc bu k\u0131s\u0131mlara ula\u015fmak ve temizlemek zordur. Bu profili \u00f6n y\u00fczeye ve mutfak dolaplar\u0131n\u0131n alt\u0131na yerle\u015ftirerek, bu k\u0131sm\u0131 g\u00f6rmek zorunda kalmazs\u0131n\u0131z. Asl\u0131nda bu profil, zemin profillerine benzer. Sadece bu profil biraz daha geni\u015ftir.<\/div>\n","protected":false},"excerpt":{"rendered":"<p><strong>Mutfak Taban Profili<\/strong><\/p>\n<div>Mutfakta, mutfak dolaplar\u0131n\u0131n alt\u0131n\u0131 korumak i\u00e7in ba\u015fka bir yenilik\u00e7i al\u00fcminyum \u00fcr\u00fcn kullan\u0131l\u0131r. Mutfak taban profili veya mutfak dolab\u0131 taban kaplama profili, mutfak dolab\u0131n\u0131n veya mutfak adas\u0131n\u0131n alt k\u0131sm\u0131 ile zemin aras\u0131na yerle\u015ftirilen bir al\u00fcminyum profildir.<\/div>\n","protected":false},"featured_media":68,"comment_status":"closed","ping_status":"closed","template":"","meta":[],"product_brand":[],"product_cat":[18],"product_tag":[],"class_list":{"0":"post-37","1":"product","2":"type-product","3":"status-publish","4":"has-post-thumbnail","6":"product_cat-profiller","8":"first","9":"instock","10":"shipping-taxable","11":"product-type-simple"},"_links":{"self":[{"href":"https:\/\/emiroglual.com\/profil\/wp-json\/wp\/v2\/product\/37","targetHints":{"allow":["GET"]}}],"collection":[{"href":"https:\/\/emiroglual.com\/profil\/wp-json\/wp\/v2\/product"}],"about":[{"href":"https:\/\/emiroglual.com\/profil\/wp-json\/wp\/v2\/types\/product"}],"replies":[{"embeddable":true,"href":"https:\/\/emiroglual.com\/profil\/wp-json\/wp\/v2\/comments?post=37"}],"wp:featuredmedia":[{"embeddable":true,"href":"https:\/\/emiroglual.com\/profil\/wp-json\/wp\/v2\/media\/68"}],"wp:attachment":[{"href":"https:\/\/emiroglual.com\/profil\/wp-json\/wp\/v2\/media?parent=37"}],"wp:term":[{"taxonomy":"product_brand","embeddable":true,"href":"https:\/\/emiroglual.com\/profil\/wp-json\/wp\/v2\/product_brand?post=37"},{"taxonomy":"product_cat","embeddable":true,"href":"https:\/\/emiroglual.com\/profil\/wp-json\/wp\/v2\/product_cat?post=37"},{"taxonomy":"product_tag","embeddable":true,"href":"https:\/\/emiroglual.com\/profil\/wp-json\/wp\/v2\/product_tag?post=37"}],"curies":[{"name":"wp","href":"https:\/\/api.w.org\/{rel}","templated":true}]}}