{"id":36,"date":"2026-02-13T17:04:25","date_gmt":"2026-02-13T17:04:25","guid":{"rendered":"https:\/\/emiroglual.com\/profil\/?post_type=product&#038;p=36"},"modified":"2026-02-14T13:22:25","modified_gmt":"2026-02-14T13:22:25","slug":"kayar-profiller","status":"publish","type":"product","link":"https:\/\/emiroglual.com\/profil\/urun\/kayar-profiller\/","title":{"rendered":"Kayar Profiller"},"content":{"rendered":"<p>Kayan Profiller.<br \/>\nEloksall\u0131 al\u00fcminyum kayan profiller, kayan par\u00e7alar olarak \u00e7ok ba\u015far\u0131l\u0131d\u0131r. Bunlar\u0131 pencereler, kap\u0131lar veya mobilyalar i\u00e7in kullan\u0131n, ortak noktalar\u0131 \u00e7ok yo\u011fun olarak kullan\u0131lmas\u0131d\u0131r. Bu nedenle, al\u00fcminyum, bunlar\u0131 y\u0131llarca sorunsuz bir \u015fekilde kullanman\u0131z\u0131 sa\u011flayacak harika bir \u00e7\u00f6z\u00fcm olacakt\u0131r. \u00c7ok i\u015flevseldirler ve t\u00fcm \u00fcr\u00fcn\u00fcn \u00f6mr\u00fcn\u00fc uzat\u0131rlar.<\/p>\n","protected":false},"excerpt":{"rendered":"<p><strong>Al\u00fcminyum S\u00fcrg\u00fcl\u00fc Profiller<\/strong><\/p>\n<div>Al\u00fcminyum, bir\u00e7ok farkl\u0131 ama\u00e7 i\u00e7in kullan\u0131labilecek harika bir malzemedir. Kayar al\u00fcminyum profil, bu malzemenin bir ba\u015fka \u00f6rne\u011fidir. Al\u00fcminyum kayar profiller, kap\u0131lar, pencereler, mobilyalar vb. gibi bir\u00e7ok farkl\u0131 \u00fcr\u00fcnde kullan\u0131l\u0131r. Al\u00fcminyum \u00e7ok dayan\u0131kl\u0131 bir metal oldu\u011fu i\u00e7in kayar par\u00e7alar olarak yayg\u0131n olarak tercih edilir.<\/div>\n","protected":false},"featured_media":67,"comment_status":"closed","ping_status":"closed","template":"","meta":[],"product_brand":[],"product_cat":[18],"product_tag":[],"class_list":{"0":"post-36","1":"product","2":"type-product","3":"status-publish","4":"has-post-thumbnail","6":"product_cat-profiller","8":"first","9":"instock","10":"shipping-taxable","11":"product-type-simple"},"_links":{"self":[{"href":"https:\/\/emiroglual.com\/profil\/wp-json\/wp\/v2\/product\/36","targetHints":{"allow":["GET"]}}],"collection":[{"href":"https:\/\/emiroglual.com\/profil\/wp-json\/wp\/v2\/product"}],"about":[{"href":"https:\/\/emiroglual.com\/profil\/wp-json\/wp\/v2\/types\/product"}],"replies":[{"embeddable":true,"href":"https:\/\/emiroglual.com\/profil\/wp-json\/wp\/v2\/comments?post=36"}],"wp:featuredmedia":[{"embeddable":true,"href":"https:\/\/emiroglual.com\/profil\/wp-json\/wp\/v2\/media\/67"}],"wp:attachment":[{"href":"https:\/\/emiroglual.com\/profil\/wp-json\/wp\/v2\/media?parent=36"}],"wp:term":[{"taxonomy":"product_brand","embeddable":true,"href":"https:\/\/emiroglual.com\/profil\/wp-json\/wp\/v2\/product_brand?post=36"},{"taxonomy":"product_cat","embeddable":true,"href":"https:\/\/emiroglual.com\/profil\/wp-json\/wp\/v2\/product_cat?post=36"},{"taxonomy":"product_tag","embeddable":true,"href":"https:\/\/emiroglual.com\/profil\/wp-json\/wp\/v2\/product_tag?post=36"}],"curies":[{"name":"wp","href":"https:\/\/api.w.org\/{rel}","templated":true}]}}