{"id":35,"date":"2026-02-13T17:04:25","date_gmt":"2026-02-13T17:04:25","guid":{"rendered":"https:\/\/emiroglual.com\/profil\/?post_type=product&#038;p=35"},"modified":"2026-02-14T13:22:47","modified_gmt":"2026-02-14T13:22:47","slug":"kenar-kaplama-profili","status":"publish","type":"product","link":"https:\/\/emiroglual.com\/profil\/urun\/kenar-kaplama-profili\/","title":{"rendered":"Kenar Kaplama Profili"},"content":{"rendered":"<div>Kenar Kaplama Profili. Al\u00fcminyum \u00e7ok dayan\u0131kl\u0131 ve estetik bir malzeme oldu\u011fundan, al\u00fcminyum kenar kaplama profili kenarlarda kullan\u0131m i\u00e7in m\u00fckemmel bir se\u00e7imdir.<\/div>\n<div>\u0130htiyaca g\u00f6re profil farkl\u0131 \u015fekillerde olabilir. Ancak genellikle L \u015feklinde veya buna benzer \u015fekillerdedir.<\/div>\n","protected":false},"excerpt":{"rendered":"<p><strong>Al\u00fcminyum Kenar Kaplama Profili<\/strong><\/p>\n<div>Al\u00fcminyum kenar kaplama profili veya al\u00fcminyum k\u00f6\u015fe profilinin temel amac\u0131 korumad\u0131r. G\u00fcnl\u00fck hayat\u0131m\u0131zda kulland\u0131\u011f\u0131m\u0131z pek \u00e7ok e\u015fya veya mobilyan\u0131n keskin k\u00f6\u015feleri vard\u0131r. Al\u00fcminyum kenar kaplamas\u0131, bu kenarlar\u0131n zararlar\u0131ndan kullan\u0131c\u0131lar\u0131 veya \u00e7ocuklar\u0131m\u0131z\u0131 korumak i\u00e7in kullan\u0131l\u0131r. Her \u015feyin kenarlar\u0131 keskin olabilir ve kaplama gerektirebilir.<\/div>\n","protected":false},"featured_media":66,"comment_status":"closed","ping_status":"closed","template":"","meta":[],"product_brand":[],"product_cat":[18],"product_tag":[],"class_list":{"0":"post-35","1":"product","2":"type-product","3":"status-publish","4":"has-post-thumbnail","6":"product_cat-profiller","8":"first","9":"instock","10":"shipping-taxable","11":"product-type-simple"},"_links":{"self":[{"href":"https:\/\/emiroglual.com\/profil\/wp-json\/wp\/v2\/product\/35","targetHints":{"allow":["GET"]}}],"collection":[{"href":"https:\/\/emiroglual.com\/profil\/wp-json\/wp\/v2\/product"}],"about":[{"href":"https:\/\/emiroglual.com\/profil\/wp-json\/wp\/v2\/types\/product"}],"replies":[{"embeddable":true,"href":"https:\/\/emiroglual.com\/profil\/wp-json\/wp\/v2\/comments?post=35"}],"wp:featuredmedia":[{"embeddable":true,"href":"https:\/\/emiroglual.com\/profil\/wp-json\/wp\/v2\/media\/66"}],"wp:attachment":[{"href":"https:\/\/emiroglual.com\/profil\/wp-json\/wp\/v2\/media?parent=35"}],"wp:term":[{"taxonomy":"product_brand","embeddable":true,"href":"https:\/\/emiroglual.com\/profil\/wp-json\/wp\/v2\/product_brand?post=35"},{"taxonomy":"product_cat","embeddable":true,"href":"https:\/\/emiroglual.com\/profil\/wp-json\/wp\/v2\/product_cat?post=35"},{"taxonomy":"product_tag","embeddable":true,"href":"https:\/\/emiroglual.com\/profil\/wp-json\/wp\/v2\/product_tag?post=35"}],"curies":[{"name":"wp","href":"https:\/\/api.w.org\/{rel}","templated":true}]}}