{"id":34,"date":"2026-02-13T17:04:24","date_gmt":"2026-02-13T17:04:24","guid":{"rendered":"https:\/\/emiroglual.com\/profil\/?post_type=product&#038;p=34"},"modified":"2026-02-14T13:43:24","modified_gmt":"2026-02-14T13:43:24","slug":"gola-tutamak-profilleri","status":"publish","type":"product","link":"https:\/\/emiroglual.com\/profil\/urun\/gola-tutamak-profilleri\/","title":{"rendered":"Gola Tutamak Profilleri"},"content":{"rendered":"<div>Gola Tutamak Profilleri. Farkl\u0131 gola profilleri aras\u0131nda gola C profili, gola L \u015fekilli profil ve J profili bulunur. C ve J \u015fekilli profiller, yatay veya dikey profiller olarak da bilinir. Bir ba\u015fka yayg\u0131n gola profili ise al\u00fcminyum d\u00fcz gola profilidir. Bu stilde, tak\u0131lan profil tutamaklar\u0131 45\u00b0 a\u00e7\u0131yla kesilir, bu da harika bir g\u00f6r\u00fcn\u00fcm sa\u011flar, daha sa\u011flam hale getirir ve temizli\u011fi \u00e7ok kolayla\u015ft\u0131r\u0131r.<\/div>\n","protected":false},"excerpt":{"rendered":"<p><strong>Gola Al\u00fcminyum Profiller<\/strong><\/p>\n<p>Modern mutfak tasar\u0131m\u0131ndan bahsederken, en \u00e7ok tercih edilen yeni stillerden biri <strong>gola al\u00fcminyum profiller<\/strong>dir. <strong>Gola profil<\/strong> mutfak dolap kapaklar\u0131nda ve \u00e7ekmecelerde kulp olarak kullan\u0131l\u0131r. Gola profil, di\u011fer ad\u0131yla s\u00fcrekli profil, modern ve estetik bir g\u00f6r\u00fcn\u00fcm\u00fcn yan\u0131 s\u0131ra m\u00fckemmel i\u015flevsellik sunar.<\/p>\n","protected":false},"featured_media":65,"comment_status":"closed","ping_status":"closed","template":"","meta":[],"product_brand":[],"product_cat":[18],"product_tag":[],"class_list":{"0":"post-34","1":"product","2":"type-product","3":"status-publish","4":"has-post-thumbnail","6":"product_cat-profiller","8":"first","9":"instock","10":"shipping-taxable","11":"product-type-simple"},"_links":{"self":[{"href":"https:\/\/emiroglual.com\/profil\/wp-json\/wp\/v2\/product\/34","targetHints":{"allow":["GET"]}}],"collection":[{"href":"https:\/\/emiroglual.com\/profil\/wp-json\/wp\/v2\/product"}],"about":[{"href":"https:\/\/emiroglual.com\/profil\/wp-json\/wp\/v2\/types\/product"}],"replies":[{"embeddable":true,"href":"https:\/\/emiroglual.com\/profil\/wp-json\/wp\/v2\/comments?post=34"}],"wp:featuredmedia":[{"embeddable":true,"href":"https:\/\/emiroglual.com\/profil\/wp-json\/wp\/v2\/media\/65"}],"wp:attachment":[{"href":"https:\/\/emiroglual.com\/profil\/wp-json\/wp\/v2\/media?parent=34"}],"wp:term":[{"taxonomy":"product_brand","embeddable":true,"href":"https:\/\/emiroglual.com\/profil\/wp-json\/wp\/v2\/product_brand?post=34"},{"taxonomy":"product_cat","embeddable":true,"href":"https:\/\/emiroglual.com\/profil\/wp-json\/wp\/v2\/product_cat?post=34"},{"taxonomy":"product_tag","embeddable":true,"href":"https:\/\/emiroglual.com\/profil\/wp-json\/wp\/v2\/product_tag?post=34"}],"curies":[{"name":"wp","href":"https:\/\/api.w.org\/{rel}","templated":true}]}}