{"id":32,"date":"2026-02-13T17:04:24","date_gmt":"2026-02-13T17:04:24","guid":{"rendered":"https:\/\/emiroglual.com\/profil\/?post_type=product&#038;p=32"},"modified":"2026-02-14T14:00:10","modified_gmt":"2026-02-14T14:00:10","slug":"c60-serisi-pencere-cercevesi","status":"publish","type":"product","link":"https:\/\/emiroglual.com\/profil\/urun\/c60-serisi-pencere-cercevesi\/","title":{"rendered":"C60 Serisi Pencere \u00c7er\u00e7evesi"},"content":{"rendered":"<div><\/div>\n<div>C60 Serisi Pencere \u00c7er\u00e7evesi. Al\u00fcminyum C60 Pencere \u00e7er\u00e7eve sistemleri 60 mm kal\u0131nl\u0131\u011f\u0131ndad\u0131r ve hem i\u00e7e hem de d\u0131\u015fa do\u011fru hareket etme \u00f6zelli\u011fine sahiptir. \u0130\u00e7 mekanlarda kullan\u0131ld\u0131klar\u0131 i\u00e7in \u0131s\u0131ya dayan\u0131kl\u0131 de\u011fildirler. \u00d6te yandan, bu profillerdeki cam par\u00e7alar\u0131 de\u011fi\u015ftirmek \u00e7ok kolayd\u0131r. Harika bir manzara yarat\u0131rlar. Ayr\u0131ca, daha fazla yer kazanmada \u00e7ok ba\u015far\u0131l\u0131d\u0131rlar. Bunlar, C60 al\u00fcminyum pencere \u00e7er\u00e7evelerini kullanman\u0131n en \u00f6nemli \u00f6zellikleri ve nedenleridir.<\/div>\n","protected":false},"excerpt":{"rendered":"<p><strong>Al\u00fcminyum C60 Serisi Pencere \u00c7er\u00e7evesi<\/strong><\/p>\n<div>C60 serisi, pencere \u00e7er\u00e7eveleri i\u00e7in kullan\u0131lan bir t\u00fcr al\u00fcminyum profil tipidir. Bu pencereler genellikle i\u00e7 mekanlarda, \u00f6zellikle vitrin ve showroomlarda kullan\u0131l\u0131r. C60&#8217;\u0131n en belirgin \u00f6zelli\u011fi, \u0131s\u0131 ge\u00e7irmez olmamas\u0131d\u0131r.<\/div>\n","protected":false},"featured_media":63,"comment_status":"closed","ping_status":"closed","template":"","meta":[],"product_brand":[],"product_cat":[18],"product_tag":[],"class_list":{"0":"post-32","1":"product","2":"type-product","3":"status-publish","4":"has-post-thumbnail","6":"product_cat-profiller","8":"first","9":"instock","10":"shipping-taxable","11":"product-type-simple"},"_links":{"self":[{"href":"https:\/\/emiroglual.com\/profil\/wp-json\/wp\/v2\/product\/32","targetHints":{"allow":["GET"]}}],"collection":[{"href":"https:\/\/emiroglual.com\/profil\/wp-json\/wp\/v2\/product"}],"about":[{"href":"https:\/\/emiroglual.com\/profil\/wp-json\/wp\/v2\/types\/product"}],"replies":[{"embeddable":true,"href":"https:\/\/emiroglual.com\/profil\/wp-json\/wp\/v2\/comments?post=32"}],"wp:featuredmedia":[{"embeddable":true,"href":"https:\/\/emiroglual.com\/profil\/wp-json\/wp\/v2\/media\/63"}],"wp:attachment":[{"href":"https:\/\/emiroglual.com\/profil\/wp-json\/wp\/v2\/media?parent=32"}],"wp:term":[{"taxonomy":"product_brand","embeddable":true,"href":"https:\/\/emiroglual.com\/profil\/wp-json\/wp\/v2\/product_brand?post=32"},{"taxonomy":"product_cat","embeddable":true,"href":"https:\/\/emiroglual.com\/profil\/wp-json\/wp\/v2\/product_cat?post=32"},{"taxonomy":"product_tag","embeddable":true,"href":"https:\/\/emiroglual.com\/profil\/wp-json\/wp\/v2\/product_tag?post=32"}],"curies":[{"name":"wp","href":"https:\/\/api.w.org\/{rel}","templated":true}]}}