{"id":31,"date":"2026-02-13T17:04:24","date_gmt":"2026-02-13T17:04:24","guid":{"rendered":"https:\/\/emiroglual.com\/profil\/?post_type=product&#038;p=31"},"modified":"2026-02-14T13:28:01","modified_gmt":"2026-02-14T13:28:01","slug":"aydinlatma-profilleri","status":"publish","type":"product","link":"https:\/\/emiroglual.com\/profil\/urun\/aydinlatma-profilleri\/","title":{"rendered":"Ayd\u0131nlatma Profilleri"},"content":{"rendered":"<div>Ayd\u0131nlatma Profilleri. LED \u015ferit \u0131\u015f\u0131k al\u00fcminyum profili, i\u00e7 mimarlara b\u00fcy\u00fck bir f\u0131rsat sunmaktad\u0131r. Bu al\u00fcminyum profil \u0131\u015f\u0131k kutusu, LED \u015feritlerin termal y\u00f6netiminde de olduk\u00e7a ba\u015far\u0131l\u0131d\u0131r. Emiro\u011flu Al\u00fcminyum \u015eirketi olarak, \u015ferit \u0131\u015f\u0131klar i\u00e7in en kaliteli al\u00fcminyum profili sunmaktay\u0131z.<\/div>\n","protected":false},"excerpt":{"rendered":"<p><strong>Ayd\u0131nlatma i\u00e7in Al\u00fcminyum Profiller<\/strong><\/p>\n<div>Al\u00fcminyum profilin bir di\u011fer \u00f6nemli kullan\u0131m\u0131 ise ayd\u0131nlatmad\u0131r. Modern ve ideal LED ayd\u0131nlatma i\u00e7in al\u00fcminyum kanallar idealdir. LED armat\u00fcrleri al\u00fcminyum kanallar\u0131n i\u00e7ine do\u011frusal bir \u015fekilde yerle\u015ftirmek m\u00fcmk\u00fcnd\u00fcr. LED \u0131\u015f\u0131k al\u00fcminyum profilleri, LED \u015feritleri bar\u0131nd\u0131rmak i\u00e7in \u00e7ok dayan\u0131kl\u0131, hafif ve estetik oldu\u011fundan dolay\u0131 tercih edilmektedir. Ayr\u0131ca, daha iyi kullan\u0131m i\u00e7in farkl\u0131 renklerde profiller ve LED&#8217;ler kullanmak da m\u00fcmk\u00fcnd\u00fcr.<\/div>\n","protected":false},"featured_media":62,"comment_status":"closed","ping_status":"closed","template":"","meta":[],"product_brand":[],"product_cat":[18],"product_tag":[],"class_list":{"0":"post-31","1":"product","2":"type-product","3":"status-publish","4":"has-post-thumbnail","6":"product_cat-profiller","8":"first","9":"instock","10":"shipping-taxable","11":"product-type-simple"},"_links":{"self":[{"href":"https:\/\/emiroglual.com\/profil\/wp-json\/wp\/v2\/product\/31","targetHints":{"allow":["GET"]}}],"collection":[{"href":"https:\/\/emiroglual.com\/profil\/wp-json\/wp\/v2\/product"}],"about":[{"href":"https:\/\/emiroglual.com\/profil\/wp-json\/wp\/v2\/types\/product"}],"replies":[{"embeddable":true,"href":"https:\/\/emiroglual.com\/profil\/wp-json\/wp\/v2\/comments?post=31"}],"wp:featuredmedia":[{"embeddable":true,"href":"https:\/\/emiroglual.com\/profil\/wp-json\/wp\/v2\/media\/62"}],"wp:attachment":[{"href":"https:\/\/emiroglual.com\/profil\/wp-json\/wp\/v2\/media?parent=31"}],"wp:term":[{"taxonomy":"product_brand","embeddable":true,"href":"https:\/\/emiroglual.com\/profil\/wp-json\/wp\/v2\/product_brand?post=31"},{"taxonomy":"product_cat","embeddable":true,"href":"https:\/\/emiroglual.com\/profil\/wp-json\/wp\/v2\/product_cat?post=31"},{"taxonomy":"product_tag","embeddable":true,"href":"https:\/\/emiroglual.com\/profil\/wp-json\/wp\/v2\/product_tag?post=31"}],"curies":[{"name":"wp","href":"https:\/\/api.w.org\/{rel}","templated":true}]}}