{"id":29,"date":"2026-02-13T17:04:24","date_gmt":"2026-02-13T17:04:24","guid":{"rendered":"https:\/\/emiroglual.com\/profil\/?post_type=product&#038;p=29"},"modified":"2026-02-14T13:28:36","modified_gmt":"2026-02-14T13:28:36","slug":"sogutucu-profiller","status":"publish","type":"product","link":"https:\/\/emiroglual.com\/profil\/urun\/sogutucu-profiller\/","title":{"rendered":"So\u011futucu Profiller"},"content":{"rendered":"<div>So\u011futucu Profiller. Elektronik bir cihaz\u0131 so\u011futamazsan\u0131z, a\u015f\u0131r\u0131 \u0131s\u0131nma cihaz\u0131n ar\u0131zalanmas\u0131na neden olur. Bu nedenle tasar\u0131mc\u0131lar bu sorunu \u00e7\u00f6zmek i\u00e7in so\u011futucu profiller kullan\u0131r. So\u011futucu profiller veya so\u011futucu plakalar olarak da adland\u0131r\u0131lan so\u011futucular genellikle ekstr\u00fczyonlu al\u00fcminyumdan yap\u0131l\u0131r. Al\u00fcminyum, bu kritik ama\u00e7 i\u00e7in istenen \u00f6zellikleri sa\u011flayan m\u00fckemmel bir metal oldu\u011fundan. Dayan\u0131kl\u0131d\u0131r ve uzun \u00f6m\u00fcrl\u00fcd\u00fcr. Kritik ve geli\u015fmi\u015f teknolojilerde al\u00fcminyum so\u011futucu profillerin kullan\u0131lmas\u0131n\u0131n ana nedeni budur.<\/div>\n","protected":false},"excerpt":{"rendered":"<p><strong>Al\u00fcminyum So\u011futucu Profilleri<\/strong><\/p>\n<div>Al\u00fcminyum, baz\u0131 kritik cihazlar\u0131n so\u011futulmas\u0131nda da kullan\u0131l\u0131r. Al\u00fcminyum so\u011futucu profili, elektronik end\u00fcstrisinde kullan\u0131lan yenilik\u00e7i bir malzemedir. Bildi\u011fimiz gibi, bilgisayarlar gibi elektronik cihazlar istenmeyen \u0131s\u0131 \u00fcretir ve bu \u0131s\u0131n\u0131n giderilmesi gerekir.<\/div>\n","protected":false},"featured_media":59,"comment_status":"closed","ping_status":"closed","template":"","meta":[],"product_brand":[],"product_cat":[18],"product_tag":[],"class_list":{"0":"post-29","1":"product","2":"type-product","3":"status-publish","4":"has-post-thumbnail","6":"product_cat-profiller","8":"first","9":"instock","10":"shipping-taxable","11":"product-type-simple"},"_links":{"self":[{"href":"https:\/\/emiroglual.com\/profil\/wp-json\/wp\/v2\/product\/29","targetHints":{"allow":["GET"]}}],"collection":[{"href":"https:\/\/emiroglual.com\/profil\/wp-json\/wp\/v2\/product"}],"about":[{"href":"https:\/\/emiroglual.com\/profil\/wp-json\/wp\/v2\/types\/product"}],"replies":[{"embeddable":true,"href":"https:\/\/emiroglual.com\/profil\/wp-json\/wp\/v2\/comments?post=29"}],"wp:featuredmedia":[{"embeddable":true,"href":"https:\/\/emiroglual.com\/profil\/wp-json\/wp\/v2\/media\/59"}],"wp:attachment":[{"href":"https:\/\/emiroglual.com\/profil\/wp-json\/wp\/v2\/media?parent=29"}],"wp:term":[{"taxonomy":"product_brand","embeddable":true,"href":"https:\/\/emiroglual.com\/profil\/wp-json\/wp\/v2\/product_brand?post=29"},{"taxonomy":"product_cat","embeddable":true,"href":"https:\/\/emiroglual.com\/profil\/wp-json\/wp\/v2\/product_cat?post=29"},{"taxonomy":"product_tag","embeddable":true,"href":"https:\/\/emiroglual.com\/profil\/wp-json\/wp\/v2\/product_tag?post=29"}],"curies":[{"name":"wp","href":"https:\/\/api.w.org\/{rel}","templated":true}]}}