{"id":28,"date":"2026-02-13T17:04:24","date_gmt":"2026-02-13T17:04:24","guid":{"rendered":"https:\/\/emiroglual.com\/profil\/?post_type=product&#038;p=28"},"modified":"2026-02-14T13:29:00","modified_gmt":"2026-02-14T13:29:00","slug":"isitici-profilleri","status":"publish","type":"product","link":"https:\/\/emiroglual.com\/profil\/urun\/isitici-profilleri\/","title":{"rendered":"Is\u0131t\u0131c\u0131 Profilleri"},"content":{"rendered":"<div>Is\u0131t\u0131c\u0131 Profilleri. \u00d6te yandan, al\u00fcminyum \u0131s\u0131 emici profil \u0131s\u0131 emiliminde \u00e7ok ba\u015far\u0131l\u0131d\u0131r. Al\u00fcminyum so\u011futucu profillerinden bildi\u011fimiz gibi, al\u00fcminyum \u00e7ok dayan\u0131kl\u0131d\u0131r ve bu da onu y\u00fcksek s\u0131cakl\u0131klarda \u00e7al\u0131\u015fmak i\u00e7in m\u00fckemmel bir malzeme haline getirir.<\/div>\n<div><\/div>\n<div>Bu nedenle, al\u00fcminyum profillerin \u0131s\u0131tma ve so\u011futma i\u00e7in \u00e7ok ba\u015far\u0131l\u0131 oldu\u011funu anlayabiliriz.<\/div>\n","protected":false},"excerpt":{"rendered":"<p><strong>Al\u00fcminyum Is\u0131t\u0131c\u0131 Profilleri<\/strong><\/p>\n<div>Al\u00fcminyum metalin en iyi \u00f6zelliklerinden biri termal iletkenli\u011fidir. Al\u00fcminyum, \u0131s\u0131y\u0131 \u00e7ok iyi ileten bir malzemedir ve bu \u00f6zelli\u011fi sayesinde \u00e7at\u0131 \u0131s\u0131tma, denizcilik \u0131s\u0131tma veya ticari ara\u00e7lar ve trenler i\u00e7in radyat\u00f6rlerde kullan\u0131ma \u00e7ok uygundur. Al\u00fcminyum \u0131s\u0131t\u0131c\u0131 profilleri ile h\u0131zl\u0131 ve e\u015fit bir \u0131s\u0131 iletimi elde edebilece\u011finiz i\u00e7in m\u00fckemmel sonu\u00e7lar elde edebilirsiniz. Bu nedenle, al\u00fcminyum ekstr\u00fczyon \u0131s\u0131t\u0131c\u0131 profillerinden sessiz ve en verimli sonu\u00e7lar\u0131 elde etmek harikad\u0131r.<\/div>\n","protected":false},"featured_media":58,"comment_status":"closed","ping_status":"closed","template":"","meta":[],"product_brand":[],"product_cat":[18],"product_tag":[],"class_list":{"0":"post-28","1":"product","2":"type-product","3":"status-publish","4":"has-post-thumbnail","6":"product_cat-profiller","8":"first","9":"instock","10":"shipping-taxable","11":"product-type-simple"},"_links":{"self":[{"href":"https:\/\/emiroglual.com\/profil\/wp-json\/wp\/v2\/product\/28","targetHints":{"allow":["GET"]}}],"collection":[{"href":"https:\/\/emiroglual.com\/profil\/wp-json\/wp\/v2\/product"}],"about":[{"href":"https:\/\/emiroglual.com\/profil\/wp-json\/wp\/v2\/types\/product"}],"replies":[{"embeddable":true,"href":"https:\/\/emiroglual.com\/profil\/wp-json\/wp\/v2\/comments?post=28"}],"wp:featuredmedia":[{"embeddable":true,"href":"https:\/\/emiroglual.com\/profil\/wp-json\/wp\/v2\/media\/58"}],"wp:attachment":[{"href":"https:\/\/emiroglual.com\/profil\/wp-json\/wp\/v2\/media?parent=28"}],"wp:term":[{"taxonomy":"product_brand","embeddable":true,"href":"https:\/\/emiroglual.com\/profil\/wp-json\/wp\/v2\/product_brand?post=28"},{"taxonomy":"product_cat","embeddable":true,"href":"https:\/\/emiroglual.com\/profil\/wp-json\/wp\/v2\/product_cat?post=28"},{"taxonomy":"product_tag","embeddable":true,"href":"https:\/\/emiroglual.com\/profil\/wp-json\/wp\/v2\/product_tag?post=28"}],"curies":[{"name":"wp","href":"https:\/\/api.w.org\/{rel}","templated":true}]}}