{"id":27,"date":"2026-02-13T17:04:24","date_gmt":"2026-02-13T17:04:24","guid":{"rendered":"https:\/\/emiroglual.com\/profil\/?post_type=product&#038;p=27"},"modified":"2026-02-14T13:34:55","modified_gmt":"2026-02-14T13:34:55","slug":"tente-profilleri","status":"publish","type":"product","link":"https:\/\/emiroglual.com\/profil\/urun\/tente-profilleri\/","title":{"rendered":"Tente Profilleri"},"content":{"rendered":"<div><strong>Tenteler i\u00e7in \u00d6zel Al\u00fcminyum Profiller\u00a0<\/strong><\/div>\n<div><\/div>\n<div>Peki, al\u00fcminyum profil tenteleri nas\u0131l yap\u0131yoruz? Asl\u0131nda, al\u00fcminyum genellikle bu yap\u0131sal eleman\u0131n \u00e7er\u00e7evesinin yap\u0131m\u0131nda kullan\u0131l\u0131r. Tentelerin ger\u00e7ek y\u00fck\u00fc \u00e7er\u00e7eveye ba\u011fl\u0131d\u0131r. Al\u00fcminyum dayan\u0131kl\u0131 ve g\u00fc\u00e7l\u00fc bir malzeme oldu\u011fundan, al\u00fcminyum tente \u00e7er\u00e7evesi tentelerin ana yap\u0131s\u0131 i\u00e7in m\u00fckemmel bir \u00e7\u00f6z\u00fcmd\u00fcr.<\/div>\n<div><\/div>\n<div><strong>Al\u00fcminyum Tente Nerede Kullan\u0131l\u0131r?<\/strong><\/div>\n<div><\/div>\n<div>Asl\u0131nda, kaplama ihtiyac\u0131n\u0131z olan her yerde in\u015fa edip kullanabilirsiniz. Al\u00fcminyum pencere tenteleri, al\u00fcminyum kap\u0131 tenteleri, al\u00fcminyum sundurma tenteleri veya al\u00fcminyum veranda tenteleri en pop\u00fcler t\u00fcrleridir. Yap\u0131ya pleksiglas veya elyaf ekledi\u011finizde, \u015feffaf bir kaplama malzemesi olan kanopiye benzer bir yap\u0131 elde edersiniz.<\/div>\n<div><\/div>\n<div><strong>Al\u00fcminyum Tente Avantajlar\u0131<\/strong><\/div>\n<div><\/div>\n<div>Al\u00fcminyum metalurji teknolojilerindeki geli\u015fmelerin yard\u0131m\u0131yla, al\u00fcminyum tenteler t\u00fcm d\u00fcnyada konut yap\u0131lar\u0131nda \u00e7ok pop\u00fcler hale geldi. Al\u00fcminyum tentelerin bir ev i\u00e7in en \u00f6nemli avantaj\u0131, sa\u011flam yap\u0131s\u0131 ve dayan\u0131kl\u0131l\u0131\u011f\u0131d\u0131r. Ciddi bir sorun ya\u015famadan 40 y\u0131ldan fazla s\u00fcreyle kullan\u0131labilirler. Ayr\u0131ca, bu koruma alt\u0131nda bulunan mobilyalar i\u00e7in de faydal\u0131d\u0131r. Onlar\u0131 hava ko\u015fullar\u0131n\u0131n etkilerinden koruyarak, \u00f6m\u00fcrlerini de uzat\u0131rlar.<\/div>\n<div><\/div>\n<div>Baz\u0131 al\u00fcminyum tenteler katlanarak yerine sabitlenecek \u015fekilde tasarlanm\u0131\u015ft\u0131r. Bu, pencerelerinizi kas\u0131rgalardan veya \u015fiddetli f\u0131rt\u0131nalardan korumak i\u00e7in \u00e7ok etkili bir y\u00f6ntemdir. \u00d6te yandan, mobil evler i\u00e7in al\u00fcminyum tenteler de bu \u00fcr\u00fcnlerin pop\u00fcler ve etkili bir kullan\u0131m \u015feklidir. Al\u00fcminyum hafif bir element oldu\u011fu i\u00e7in, minib\u00fcs\u00fcn\u00fczde veya karavan\u0131n\u0131zda y\u00fck verimlili\u011fi a\u00e7\u0131s\u0131ndan b\u00fcy\u00fck avantaj sa\u011flar.<\/div>\n<div><\/div>\n<div>Son olarak, farkl\u0131 renklerde al\u00fcminyum tenteler se\u00e7mek m\u00fcmk\u00fcnd\u00fcr. Al\u00fcminyum tenteleri boyatabilir veya farkl\u0131 renk se\u00e7enekleri i\u00e7in eloksall\u0131 al\u00fcminyum kullanabilirsiniz.<\/div>\n<div><\/div>\n<div>Emiro\u011flu\u00a0 Al\u00fcminyum olarak, en iyi al\u00fcminyum tente profillerini sunuyoruz.<\/div>\n","protected":false},"excerpt":{"rendered":"<p><strong>Al\u00fcminyum Tente Profilleri<\/strong><\/p>\n<div>Tente, veya di\u011fer ad\u0131yla \u00e7\u0131k\u0131nt\u0131, binan\u0131n ana yap\u0131s\u0131ndan d\u0131\u015far\u0131ya do\u011fru uzanan ikincil bir \u00f6rt\u00fcd\u00fcr. Tentelerin temel amac\u0131 g\u00fcne\u015f \u0131\u015f\u0131\u011f\u0131, ya\u011fmur, kar veya \u015fiddetli r\u00fczgar gibi di\u011fer hava ko\u015fullar\u0131ndan koruma sa\u011flamakt\u0131r. Asl\u0131nda, tentelerin tarihi eski M\u0131s\u0131r ve Suriye yerle\u015fimlerine kadar uzanmaktad\u0131r.<\/div>\n","protected":false},"featured_media":57,"comment_status":"closed","ping_status":"closed","template":"","meta":[],"product_brand":[],"product_cat":[18],"product_tag":[],"class_list":{"0":"post-27","1":"product","2":"type-product","3":"status-publish","4":"has-post-thumbnail","6":"product_cat-profiller","8":"first","9":"instock","10":"shipping-taxable","11":"product-type-simple"},"_links":{"self":[{"href":"https:\/\/emiroglual.com\/profil\/wp-json\/wp\/v2\/product\/27","targetHints":{"allow":["GET"]}}],"collection":[{"href":"https:\/\/emiroglual.com\/profil\/wp-json\/wp\/v2\/product"}],"about":[{"href":"https:\/\/emiroglual.com\/profil\/wp-json\/wp\/v2\/types\/product"}],"replies":[{"embeddable":true,"href":"https:\/\/emiroglual.com\/profil\/wp-json\/wp\/v2\/comments?post=27"}],"wp:featuredmedia":[{"embeddable":true,"href":"https:\/\/emiroglual.com\/profil\/wp-json\/wp\/v2\/media\/57"}],"wp:attachment":[{"href":"https:\/\/emiroglual.com\/profil\/wp-json\/wp\/v2\/media?parent=27"}],"wp:term":[{"taxonomy":"product_brand","embeddable":true,"href":"https:\/\/emiroglual.com\/profil\/wp-json\/wp\/v2\/product_brand?post=27"},{"taxonomy":"product_cat","embeddable":true,"href":"https:\/\/emiroglual.com\/profil\/wp-json\/wp\/v2\/product_cat?post=27"},{"taxonomy":"product_tag","embeddable":true,"href":"https:\/\/emiroglual.com\/profil\/wp-json\/wp\/v2\/product_tag?post=27"}],"curies":[{"name":"wp","href":"https:\/\/api.w.org\/{rel}","templated":true}]}}