{"id":26,"date":"2026-02-13T17:04:24","date_gmt":"2026-02-13T17:04:24","guid":{"rendered":"https:\/\/emiroglual.com\/profil\/?post_type=product&#038;p=26"},"modified":"2026-02-14T13:33:50","modified_gmt":"2026-02-14T13:33:50","slug":"sap-levha-profilleri","status":"publish","type":"product","link":"https:\/\/emiroglual.com\/profil\/urun\/sap-levha-profilleri\/","title":{"rendered":"\u015eap Levha Profilleri"},"content":{"rendered":"<div>\u015eap Levha Profilleri. Al\u00fcminyum \u015fap levha, s\u0131va, al\u00e7\u0131 veya en yayg\u0131n olarak beton gibi yap\u0131 malzemelerinin y\u00fczeyini d\u00fczeltmek veya p\u00fcr\u00fczs\u00fczle\u015ftirmek i\u00e7in kullan\u0131l\u0131r. Ayr\u0131ca, asfalt\u0131 yaymak ve d\u00fczeltmek i\u00e7in \u00f6zel bir \u015fap t\u00fcr\u00fc de vard\u0131r.<\/div>\n<div><\/div>\n<div>Beton veya asfalt\u0131n son i\u015flemleri, i\u015fin kritik bir par\u00e7as\u0131d\u0131r ve hassas bir yakla\u015f\u0131m gerektirir. Al\u00fcminyum, dayan\u0131kl\u0131l\u0131\u011f\u0131, esnekli\u011fi ve hafifli\u011fi ile harika bir \u00fcr\u00fcn oldu\u011fundan, yap\u0131 malzemelerine son \u015fekli vermekte \u00e7ok ba\u015far\u0131l\u0131d\u0131r.<\/div>\n","protected":false},"excerpt":{"rendered":"<p><strong>Al\u00fcminyum \u015eap Levha Profilleri<\/strong><\/p>\n<div>D\u00fcz tahta veya y\u00fczer \u015fap olarak da adland\u0131r\u0131lan \u015fap tahtas\u0131, in\u015faat alan\u0131nda son kat kaplama i\u00e7in kullan\u0131lan \u00f6zel ve yap\u0131sal bir alettir. Genellikle al\u00fcminyumdan yap\u0131l\u0131r ve al\u00fcminyum \u015fap tahtas\u0131 olarak bilinir. Asl\u0131nda klasik bir al\u00fcminyum profildir, ancak \u015fekli son kat kaplama i\u00e7in \u00f6zel olarak tasarlanm\u0131\u015ft\u0131r.<\/div>\n","protected":false},"featured_media":56,"comment_status":"closed","ping_status":"closed","template":"","meta":[],"product_brand":[],"product_cat":[18],"product_tag":[],"class_list":{"0":"post-26","1":"product","2":"type-product","3":"status-publish","4":"has-post-thumbnail","6":"product_cat-profiller","8":"first","9":"instock","10":"shipping-taxable","11":"product-type-simple"},"_links":{"self":[{"href":"https:\/\/emiroglual.com\/profil\/wp-json\/wp\/v2\/product\/26","targetHints":{"allow":["GET"]}}],"collection":[{"href":"https:\/\/emiroglual.com\/profil\/wp-json\/wp\/v2\/product"}],"about":[{"href":"https:\/\/emiroglual.com\/profil\/wp-json\/wp\/v2\/types\/product"}],"replies":[{"embeddable":true,"href":"https:\/\/emiroglual.com\/profil\/wp-json\/wp\/v2\/comments?post=26"}],"wp:featuredmedia":[{"embeddable":true,"href":"https:\/\/emiroglual.com\/profil\/wp-json\/wp\/v2\/media\/56"}],"wp:attachment":[{"href":"https:\/\/emiroglual.com\/profil\/wp-json\/wp\/v2\/media?parent=26"}],"wp:term":[{"taxonomy":"product_brand","embeddable":true,"href":"https:\/\/emiroglual.com\/profil\/wp-json\/wp\/v2\/product_brand?post=26"},{"taxonomy":"product_cat","embeddable":true,"href":"https:\/\/emiroglual.com\/profil\/wp-json\/wp\/v2\/product_cat?post=26"},{"taxonomy":"product_tag","embeddable":true,"href":"https:\/\/emiroglual.com\/profil\/wp-json\/wp\/v2\/product_tag?post=26"}],"curies":[{"name":"wp","href":"https:\/\/api.w.org\/{rel}","templated":true}]}}