{"id":25,"date":"2026-02-13T17:04:24","date_gmt":"2026-02-13T17:04:24","guid":{"rendered":"https:\/\/emiroglual.com\/profil\/?post_type=product&#038;p=25"},"modified":"2026-02-14T13:33:00","modified_gmt":"2026-02-14T13:33:00","slug":"merdiven-profili","status":"publish","type":"product","link":"https:\/\/emiroglual.com\/profil\/urun\/merdiven-profili\/","title":{"rendered":"Merdiven Profili"},"content":{"rendered":"<div><\/div>\n<div>Merdiven Profili. Al\u00fcminyum profil, merdivenler i\u00e7in harika bir malzemedir. Basamaklar\u0131 p\u00fcr\u00fczl\u00fc bir yap\u0131ya sahiptir, bu da kaymay\u0131 \u00f6nleyerek g\u00fcvenlik sa\u011flar. Merdivenlere g\u00fcvenle t\u0131rmanabilir ve \u00fczerinde g\u00fcvenle durabilirsiniz. Ayr\u0131ca, t\u00fcm al\u00fcminyum merdiven raflar\u0131n\u0131n y\u00fcksekli\u011fi ayarlanabilir. Kolayca ayarlayabilir ve her t\u00fcrl\u00fc i\u015f i\u00e7in kullanabilirsiniz.<\/div>\n<div><\/div>\n<div>Son olarak, al\u00fcminyum \u00e7ok ama\u00e7l\u0131 merdivenlerin temizli\u011fi \u00e7ok kolayd\u0131r. Boyama i\u015flerinde kullanabilir ve i\u015f bittikten sonra kolayca temizleyebilirsiniz. Dolay\u0131s\u0131yla, al\u00fcminyum merdivenlerin \u00e7ok pratik, g\u00fcvenli, modern ve kullan\u0131m\u0131 kolay oldu\u011funu anlayabiliriz.<\/div>\n","protected":false},"excerpt":{"rendered":"<div>\n<p><strong>Al\u00fcminyum Merdiven Profili<\/strong><\/p>\n<\/div>\n<div>Al\u00fcminyum, merdiven \u00fcretiminde kullanmak i\u00e7in harika bir metaldir. \u00c7\u00fcnk\u00fc al\u00fcminyum \u00e7ok hafif ve dayan\u0131kl\u0131 bir metaldir. B\u00f6ylece, al\u00fcminyum profil merdivenleri kolayca ve g\u00fcvenle ta\u015f\u0131yabilir ve kullanabilirsiniz. Al\u00fcminyum uzatma merdiveninin bir di\u011fer \u00f6nemli \u00f6zelli\u011fi de ta\u015f\u0131nabilirli\u011fidir. Al\u00fcminyum, y\u00fcksek dayan\u0131kl\u0131l\u0131\u011fa sahip harika bir metal oldu\u011fu i\u00e7in, harika tasar\u0131m\u0131yla katlanabilir. Bu sayede, daha uzun merdivenleri daha k\u0131sa alanlarda saklamak m\u00fcmk\u00fcnd\u00fcr.<\/div>\n","protected":false},"featured_media":55,"comment_status":"closed","ping_status":"closed","template":"","meta":[],"product_brand":[],"product_cat":[18],"product_tag":[],"class_list":{"0":"post-25","1":"product","2":"type-product","3":"status-publish","4":"has-post-thumbnail","6":"product_cat-profiller","8":"first","9":"instock","10":"shipping-taxable","11":"product-type-simple"},"_links":{"self":[{"href":"https:\/\/emiroglual.com\/profil\/wp-json\/wp\/v2\/product\/25","targetHints":{"allow":["GET"]}}],"collection":[{"href":"https:\/\/emiroglual.com\/profil\/wp-json\/wp\/v2\/product"}],"about":[{"href":"https:\/\/emiroglual.com\/profil\/wp-json\/wp\/v2\/types\/product"}],"replies":[{"embeddable":true,"href":"https:\/\/emiroglual.com\/profil\/wp-json\/wp\/v2\/comments?post=25"}],"wp:featuredmedia":[{"embeddable":true,"href":"https:\/\/emiroglual.com\/profil\/wp-json\/wp\/v2\/media\/55"}],"wp:attachment":[{"href":"https:\/\/emiroglual.com\/profil\/wp-json\/wp\/v2\/media?parent=25"}],"wp:term":[{"taxonomy":"product_brand","embeddable":true,"href":"https:\/\/emiroglual.com\/profil\/wp-json\/wp\/v2\/product_brand?post=25"},{"taxonomy":"product_cat","embeddable":true,"href":"https:\/\/emiroglual.com\/profil\/wp-json\/wp\/v2\/product_cat?post=25"},{"taxonomy":"product_tag","embeddable":true,"href":"https:\/\/emiroglual.com\/profil\/wp-json\/wp\/v2\/product_tag?post=25"}],"curies":[{"name":"wp","href":"https:\/\/api.w.org\/{rel}","templated":true}]}}