{"id":24,"date":"2026-02-13T17:04:24","date_gmt":"2026-02-13T17:04:24","guid":{"rendered":"https:\/\/emiroglual.com\/profil\/?post_type=product&#038;p=24"},"modified":"2026-02-14T13:31:32","modified_gmt":"2026-02-14T13:31:32","slug":"perde-ray-profili","status":"publish","type":"product","link":"https:\/\/emiroglual.com\/profil\/urun\/perde-ray-profili\/","title":{"rendered":"Perde Ray Profili"},"content":{"rendered":"<div>Perde Ray Profili. Al\u00fcminyum perde ray\u0131n\u0131n en b\u00fcy\u00fck avantaj\u0131 paslanmaya ve \u00e7izilmeye kar\u015f\u0131 dayan\u0131kl\u0131 olmas\u0131d\u0131r. Ayr\u0131ca, istenilen renkte harika bir g\u00f6r\u00fcn\u00fcm elde etmek m\u00fcmk\u00fcnd\u00fcr. Ekstr\u00fczyonlu al\u00fcminyum perde ray\u0131n\u0131zda tekli veya \u00e7oklu raylar kullanabilirsiniz. Al\u00fcminyum perde ray sistemleri genellikle konut odalar\u0131nda tercih edilir. Ancak ofis uygulamalar\u0131 veya \u00f6zel kabin perdeleri i\u00e7in de pop\u00fclerdir. B\u00f6ylece, al\u00fcminyum perde ray profilleri ile perdeleriniz i\u00e7in dayan\u0131kl\u0131, g\u00fc\u00e7l\u00fc ve estetik bir ray elde edebilirsiniz.<\/div>\n","protected":false},"excerpt":{"rendered":"<p><strong>Al\u00fcminyum Perde Ray Profili<\/strong><\/p>\n<div>Al\u00fcminyum, perde raylar\u0131 olarak kullanmak i\u00e7in harika bir metaldir. Ekstr\u00fczyonlu al\u00fcminyum, dayan\u0131kl\u0131l\u0131k ve estetik aras\u0131nda m\u00fckemmel bir denge sa\u011flar. Ayr\u0131ca odan\u0131za b\u00fcy\u00fck bir de\u011fer katar. Al\u00fcminyum tavan perde ray\u0131, do\u011frudan tavana monte edilebilen eloksall\u0131 veya toz boyal\u0131 al\u00fcminyum perde ray\u0131d\u0131r. Ba\u011flant\u0131 eleman\u0131 olarak standart vidalar, \u00e7iviler veya yap\u0131\u015ft\u0131r\u0131c\u0131lar kullanabilirsiniz.<\/div>\n","protected":false},"featured_media":54,"comment_status":"closed","ping_status":"closed","template":"","meta":[],"product_brand":[],"product_cat":[18],"product_tag":[],"class_list":{"0":"post-24","1":"product","2":"type-product","3":"status-publish","4":"has-post-thumbnail","6":"product_cat-profiller","8":"first","9":"instock","10":"shipping-taxable","11":"product-type-simple"},"_links":{"self":[{"href":"https:\/\/emiroglual.com\/profil\/wp-json\/wp\/v2\/product\/24","targetHints":{"allow":["GET"]}}],"collection":[{"href":"https:\/\/emiroglual.com\/profil\/wp-json\/wp\/v2\/product"}],"about":[{"href":"https:\/\/emiroglual.com\/profil\/wp-json\/wp\/v2\/types\/product"}],"replies":[{"embeddable":true,"href":"https:\/\/emiroglual.com\/profil\/wp-json\/wp\/v2\/comments?post=24"}],"wp:featuredmedia":[{"embeddable":true,"href":"https:\/\/emiroglual.com\/profil\/wp-json\/wp\/v2\/media\/54"}],"wp:attachment":[{"href":"https:\/\/emiroglual.com\/profil\/wp-json\/wp\/v2\/media?parent=24"}],"wp:term":[{"taxonomy":"product_brand","embeddable":true,"href":"https:\/\/emiroglual.com\/profil\/wp-json\/wp\/v2\/product_brand?post=24"},{"taxonomy":"product_cat","embeddable":true,"href":"https:\/\/emiroglual.com\/profil\/wp-json\/wp\/v2\/product_cat?post=24"},{"taxonomy":"product_tag","embeddable":true,"href":"https:\/\/emiroglual.com\/profil\/wp-json\/wp\/v2\/product_tag?post=24"}],"curies":[{"name":"wp","href":"https:\/\/api.w.org\/{rel}","templated":true}]}}