{"id":20,"date":"2026-02-13T17:04:24","date_gmt":"2026-02-13T17:04:24","guid":{"rendered":"https:\/\/emiroglual.com\/profil\/?post_type=product&#038;p=20"},"modified":"2026-02-14T13:46:01","modified_gmt":"2026-02-14T13:46:01","slug":"pencere-profilleri","status":"publish","type":"product","link":"https:\/\/emiroglual.com\/profil\/urun\/pencere-profilleri\/","title":{"rendered":"Pencere Profilleri"},"content":{"rendered":"<p><strong>Al\u00fcminyum pencere \u00e7er\u00e7evesi<\/strong>, hafif ve dayan\u0131kl\u0131 bir metal olan al\u00fcminyumdan yap\u0131lan bir pencere \u00e7er\u00e7evesi t\u00fcr\u00fcd\u00fcr. Al\u00fcminyum pencere \u00e7er\u00e7eveleri, sa\u011flaml\u0131klar\u0131, korozyona dayan\u0131kl\u0131l\u0131klar\u0131 ve d\u00fc\u015f\u00fck bak\u0131m gereksinimleri nedeniyle hem konut hem de ticari yap\u0131larda yayg\u0131n olarak kullan\u0131lmaktad\u0131r.<\/p>\n<p>Al\u00fcminyum pencere \u00e7er\u00e7eveleri, farkl\u0131 pencere a\u00e7\u0131kl\u0131klar\u0131na uyacak \u015fekilde \u00e7e\u015fitli \u015fekil ve boyutlarda \u00fcretilebilir ve \u00e7e\u015fitli y\u00fczey ve renk se\u00e7enekleri sunmak i\u00e7in toz boya veya eloksal kaplama yap\u0131labilir. Is\u0131 transferini \u00f6nlemek i\u00e7in \u0131s\u0131 yal\u0131t\u0131ml\u0131 olarak tasarlanabildikleri i\u00e7in enerji tasarrufludurlar ve \u0131s\u0131tma ve so\u011futma i\u00e7in enerji t\u00fcketimini azalt\u0131rlar.<\/p>\n<p>Pratik avantajlar\u0131n\u0131n yan\u0131 s\u0131ra, al\u00fcminyum pencere \u00e7er\u00e7eveleri, bir binan\u0131n estetik g\u00f6r\u00fcn\u00fcm\u00fcn\u00fc g\u00fczelle\u015ftirebilen \u015f\u0131k ve modern bir g\u00f6r\u00fcn\u00fcm sunar. \u00c7arp\u0131lmaya, \u00e7\u00fcr\u00fcmeye veya b\u00f6cek hasar\u0131na kar\u015f\u0131 daha dayan\u0131kl\u0131 olduklar\u0131 i\u00e7in genellikle geleneksel ah\u015fap \u00e7er\u00e7evelere tercih edilirler.<\/p>\n","protected":false},"excerpt":{"rendered":"<p><strong>Al\u00fcminyum Pencere \u00c7er\u00e7evesi<\/strong><\/p>\n<div><\/div>\n<div>Al\u00fcminyum Aldoks Serisi, C60 serisine benzer bir pencere \u00e7er\u00e7evesidir. Bu seri de i\u015fyerleri, ofisler veya showroomlar i\u00e7in kullan\u0131l\u0131r. Ayr\u0131ca, al\u00fcminyum g\u00f6r\u00fcn\u00fcml\u00fc pencere \u00e7er\u00e7evesi de \u0131s\u0131 ge\u00e7irmez de\u011fildir. \u00c7ok dayan\u0131kl\u0131 oldu\u011fu i\u00e7in daha geni\u015f profilli projelerde kullan\u0131l\u0131r. Is\u0131ya dayan\u0131kl\u0131 modellerin \u00fcretimi de m\u00fcmk\u00fcnd\u00fcr. Maliyet\/performans verimlili\u011fi a\u00e7\u0131s\u0131ndan de\u011ferlendirildi\u011finde, g\u00f6r\u00fcn\u00fcm\u00fc \u00e7ok ba\u015far\u0131l\u0131 bir \u00fcr\u00fcnd\u00fcr.<\/div>\n","protected":false},"featured_media":50,"comment_status":"closed","ping_status":"closed","template":"","meta":[],"product_brand":[],"product_cat":[18],"product_tag":[],"class_list":{"0":"post-20","1":"product","2":"type-product","3":"status-publish","4":"has-post-thumbnail","6":"product_cat-profiller","8":"first","9":"instock","10":"shipping-taxable","11":"product-type-simple"},"_links":{"self":[{"href":"https:\/\/emiroglual.com\/profil\/wp-json\/wp\/v2\/product\/20","targetHints":{"allow":["GET"]}}],"collection":[{"href":"https:\/\/emiroglual.com\/profil\/wp-json\/wp\/v2\/product"}],"about":[{"href":"https:\/\/emiroglual.com\/profil\/wp-json\/wp\/v2\/types\/product"}],"replies":[{"embeddable":true,"href":"https:\/\/emiroglual.com\/profil\/wp-json\/wp\/v2\/comments?post=20"}],"wp:featuredmedia":[{"embeddable":true,"href":"https:\/\/emiroglual.com\/profil\/wp-json\/wp\/v2\/media\/50"}],"wp:attachment":[{"href":"https:\/\/emiroglual.com\/profil\/wp-json\/wp\/v2\/media?parent=20"}],"wp:term":[{"taxonomy":"product_brand","embeddable":true,"href":"https:\/\/emiroglual.com\/profil\/wp-json\/wp\/v2\/product_brand?post=20"},{"taxonomy":"product_cat","embeddable":true,"href":"https:\/\/emiroglual.com\/profil\/wp-json\/wp\/v2\/product_cat?post=20"},{"taxonomy":"product_tag","embeddable":true,"href":"https:\/\/emiroglual.com\/profil\/wp-json\/wp\/v2\/product_tag?post=20"}],"curies":[{"name":"wp","href":"https:\/\/api.w.org\/{rel}","templated":true}]}}