{"id":19,"date":"2026-02-13T17:04:24","date_gmt":"2026-02-13T17:04:24","guid":{"rendered":"https:\/\/emiroglual.com\/profil\/?post_type=product&#038;p=19"},"modified":"2026-02-14T13:27:18","modified_gmt":"2026-02-14T13:27:18","slug":"cam-balkon-profilleri","status":"publish","type":"product","link":"https:\/\/emiroglual.com\/profil\/urun\/cam-balkon-profilleri\/","title":{"rendered":"Cam Balkon Profilleri"},"content":{"rendered":"<div>Cam Balkon Profilleri. Cam balkon sistemleri i\u00e7in al\u00fcminyumun bir di\u011fer \u00f6nemli \u00f6zelli\u011fi ise \u00e7ok hafif olmas\u0131d\u0131r. Cam al\u00fcminyum balkon sistemleri \u00e7ok hafiftir ve balkonlara daha az y\u00fck bindirir. G\u00fcne\u015f \u0131\u015f\u0131\u011f\u0131na, ya\u011fmur suyuna veya kara dayan\u0131kl\u0131 olmalar\u0131 nedeniyle PVC balkon sistemlerinin yerini alm\u0131\u015ft\u0131r.<\/div>\n","protected":false},"excerpt":{"rendered":"<p><strong>Al\u00fcminyum Cam Balkon Profilleri<\/strong><\/p>\n<div>Al\u00fcminyumun yayg\u0131n olarak kullan\u0131ld\u0131\u011f\u0131 bir di\u011fer alan ise cam balkon sistemleridir. Du\u015f kabinleri gibi, al\u00fcminyum cam balkon sistemlerinin de ba\u015fl\u0131ca avantajlar\u0131 dayan\u0131kl\u0131l\u0131k ve su ge\u00e7irmezliktir. Peki, al\u00fcminyum cam balkon sistemleri nedir? Al\u00fcminyum her t\u00fcrl\u00fc hava ko\u015fuluna kar\u015f\u0131 dayan\u0131kl\u0131 oldu\u011fu i\u00e7in, cam balkonlarda kullan\u0131lmas\u0131 ak\u0131ll\u0131ca bir se\u00e7imdir.<\/div>\n","protected":false},"featured_media":49,"comment_status":"closed","ping_status":"closed","template":"","meta":[],"product_brand":[],"product_cat":[18],"product_tag":[],"class_list":{"0":"post-19","1":"product","2":"type-product","3":"status-publish","4":"has-post-thumbnail","6":"product_cat-profiller","8":"first","9":"instock","10":"shipping-taxable","11":"product-type-simple"},"_links":{"self":[{"href":"https:\/\/emiroglual.com\/profil\/wp-json\/wp\/v2\/product\/19","targetHints":{"allow":["GET"]}}],"collection":[{"href":"https:\/\/emiroglual.com\/profil\/wp-json\/wp\/v2\/product"}],"about":[{"href":"https:\/\/emiroglual.com\/profil\/wp-json\/wp\/v2\/types\/product"}],"replies":[{"embeddable":true,"href":"https:\/\/emiroglual.com\/profil\/wp-json\/wp\/v2\/comments?post=19"}],"wp:featuredmedia":[{"embeddable":true,"href":"https:\/\/emiroglual.com\/profil\/wp-json\/wp\/v2\/media\/49"}],"wp:attachment":[{"href":"https:\/\/emiroglual.com\/profil\/wp-json\/wp\/v2\/media?parent=19"}],"wp:term":[{"taxonomy":"product_brand","embeddable":true,"href":"https:\/\/emiroglual.com\/profil\/wp-json\/wp\/v2\/product_brand?post=19"},{"taxonomy":"product_cat","embeddable":true,"href":"https:\/\/emiroglual.com\/profil\/wp-json\/wp\/v2\/product_cat?post=19"},{"taxonomy":"product_tag","embeddable":true,"href":"https:\/\/emiroglual.com\/profil\/wp-json\/wp\/v2\/product_tag?post=19"}],"curies":[{"name":"wp","href":"https:\/\/api.w.org\/{rel}","templated":true}]}}