{"id":17,"date":"2026-02-13T17:04:24","date_gmt":"2026-02-13T17:04:24","guid":{"rendered":"https:\/\/emiroglual.com\/profil\/?post_type=product&#038;p=17"},"modified":"2026-02-14T13:36:13","modified_gmt":"2026-02-14T13:36:13","slug":"standart-profiller","status":"publish","type":"product","link":"https:\/\/emiroglual.com\/profil\/urun\/standart-profiller\/","title":{"rendered":"Standart Profiller"},"content":{"rendered":"<div>Standart al\u00fcminyum ekstr\u00fczyon profillerinin en \u00f6nemli avantaj\u0131 esnekliktir. Standart profillerle projenizi veya tasar\u0131m\u0131n\u0131z\u0131 kolayca de\u011fi\u015ftirebilir veya uyarlayabilirsiniz. Bu, maliyet verimlili\u011fi sa\u011flamada da \u00e7ok ba\u015far\u0131l\u0131d\u0131r. Profiller \u00f6zel tipler olmad\u0131\u011f\u0131ndan, malzemelerinizi daha d\u00fc\u015f\u00fck fiyatlarla temin edebilirsiniz. Standart al\u00fcminyum ekstr\u00fczyon \u015fekilleri, planlamalar\u0131n\u0131z\u0131 ve tasar\u0131mlar\u0131n\u0131z\u0131 esnek bir \u015fekilde yapman\u0131z\u0131 sa\u011flar.<\/div>\n<div>\n<p>Emiro\u011flu Aluminum T\u00fcrkiye&#8217;de <strong>al\u00fcminyum k\u00fct\u00fck\u00a0<\/strong><span style=\"box-sizing: border-box; margin: 0px; padding: 0px;\"><strong>\u00fcreticisi<\/strong>dir<\/span>. Al\u00fcminyum ekstr\u00fczyon profil \u00fcreticileri, yuvarlak al\u00fcminyum boru \u00fcreticileri veya al\u00fcminyum pencere pervazlar\u0131 \u00fcreticileri ar\u0131yorsan\u0131z, size hizmet etmek i\u00e7in buraday\u0131z.<\/p>\n<\/div>\n","protected":false},"excerpt":{"rendered":"<p><strong>Standart Al\u00fcminyum Profiller<\/strong><\/p>\n<div>Standart al\u00fcminyum profiller veya standart al\u00fcminyum ekstr\u00fczyonlar, farkl\u0131 ama\u00e7larla bir\u00e7ok farkl\u0131 yerde kullanabilece\u011finiz profillerdir. Bunlar, di\u011fer \u00f6zel profil t\u00fcrlerinden farkl\u0131 olan a\u00e7\u0131lar, kanallar, borular ve di\u011fer \u015fekillerdir. Bunlar, fabrikalar\u0131m\u0131zda yayg\u0131n olarak \u00fcretti\u011fimiz do\u011frudan profillerdir.<\/div>\n","protected":false},"featured_media":47,"comment_status":"closed","ping_status":"closed","template":"","meta":[],"product_brand":[],"product_cat":[18],"product_tag":[],"class_list":{"0":"post-17","1":"product","2":"type-product","3":"status-publish","4":"has-post-thumbnail","6":"product_cat-profiller","8":"first","9":"instock","10":"shipping-taxable","11":"product-type-simple"},"_links":{"self":[{"href":"https:\/\/emiroglual.com\/profil\/wp-json\/wp\/v2\/product\/17","targetHints":{"allow":["GET"]}}],"collection":[{"href":"https:\/\/emiroglual.com\/profil\/wp-json\/wp\/v2\/product"}],"about":[{"href":"https:\/\/emiroglual.com\/profil\/wp-json\/wp\/v2\/types\/product"}],"replies":[{"embeddable":true,"href":"https:\/\/emiroglual.com\/profil\/wp-json\/wp\/v2\/comments?post=17"}],"wp:featuredmedia":[{"embeddable":true,"href":"https:\/\/emiroglual.com\/profil\/wp-json\/wp\/v2\/media\/47"}],"wp:attachment":[{"href":"https:\/\/emiroglual.com\/profil\/wp-json\/wp\/v2\/media?parent=17"}],"wp:term":[{"taxonomy":"product_brand","embeddable":true,"href":"https:\/\/emiroglual.com\/profil\/wp-json\/wp\/v2\/product_brand?post=17"},{"taxonomy":"product_cat","embeddable":true,"href":"https:\/\/emiroglual.com\/profil\/wp-json\/wp\/v2\/product_cat?post=17"},{"taxonomy":"product_tag","embeddable":true,"href":"https:\/\/emiroglual.com\/profil\/wp-json\/wp\/v2\/product_tag?post=17"}],"curies":[{"name":"wp","href":"https:\/\/api.w.org\/{rel}","templated":true}]}}